{"id":64835,"date":"2021-01-19T11:20:21","date_gmt":"2021-01-19T16:20:21","guid":{"rendered":"https:\/\/www.carolinaeyeprosthetics.com\/?page_id=64835"},"modified":"2024-12-05T08:50:28","modified_gmt":"2024-12-05T13:50:28","slug":"corneal-scleral-shell","status":"publish","type":"page","link":"https:\/\/www.carolinaeyeprosthetics.com\/es\/corneal-scleral-shell\/","title":{"rendered":"Conchas esclerales corneales"},"content":{"rendered":"<p>Casi todas las personas que viven con un ojo ciego experimentar\u00e1n una variedad de desaf\u00edos, especialmente si el ojo ciego es m\u00e1s peque\u00f1o y antiest\u00e9tico. La apariencia del ojo y la reacci\u00f3n de los dem\u00e1s es a menudo la mayor preocupaci\u00f3n, pero todo, desde la percepci\u00f3n de la profundidad hasta un p\u00e1rpado ca\u00eddo y la incomodidad del p\u00e1rpado interno, puede ser un problema.&nbsp;<\/p>\n\n\n\n<p>Afortunadamente, un caparaz\u00f3n escleral corneal puede ayudar dram\u00e1ticamente con los problemas m\u00e1s comunes que usted o su hijo puedan enfrentar. Lea sobre los beneficios de un caparaz\u00f3n escleral corneal, qu\u00e9 esperar antes, durante y despu\u00e9s de que se lo coloquen, y luego perm\u00edtanos programar una consulta breve y \u00fatil para analizar su situaci\u00f3n, las mejores opciones y responder cualquier pregunta que tenga.<\/p>\n\n\n\n<h2 class=\"wp-block-heading\"><strong>C\u00f3mo funciona un caparaz\u00f3n escleral corneal<\/strong><\/h2>\n\n\n\n<p>Piense en c\u00f3mo se ajusta una lente de contacto a un globo ocular. Un caparaz\u00f3n escleral corneal funciona de manera muy similar. Es una capa delgada de acr\u00edlico que se adapta c\u00f3modamente a un ojo ciego estable. A <a href=\"https:\/\/www.carolinaeyeprosthetics.com\/es\/\">Pr\u00f3tesis de ojos de Carolina<\/a>, adaptamos y pintamos a mano cada capa escleral para que coincida a la perfecci\u00f3n con el color y la forma del otro ojo del paciente. A continuaci\u00f3n, se muestra un ejemplo de c\u00f3mo se ve\u00eda el ojo de un paciente antes y despu\u00e9s de que le colocaran un nuevo caparaz\u00f3n escleral ...<\/p>\n\n\n\n<div class=\"wp-block-ugb-columns ugb-columns ugb-71c8ff3 ugb-columns--design-plain ugb-columns--columns-2 ugb-main-block\"><div class=\"ugb-inner-block\"><div class=\"ugb-block-content\"><div class=\"ugb-columns__item ugb-71c8ff3-content-wrapper\">\n<div class=\"wp-block-ugb-column ugb-column ugb-3b4fde9 ugb-column--design-plain ugb-main-block\"><div class=\"ugb-inner-block\"><div class=\"ugb-block-content\"><div class=\"ugb-column__item ugb-3b4fde9-column-wrapper\"><div class=\"ugb-column__content-wrapper\">\n<figure class=\"wp-block-image size-large\"><img decoding=\"async\" width=\"1024\" height=\"1024\" data-src=\"https:\/\/www.carolinaeyeprosthetics.com\/wp-content\/uploads\/2021\/04\/IMG_0536-Final-1024x1024.jpeg\" alt=\"\" class=\"wp-image-64993 lazyload\" title=\"Antes\" data-srcset=\"https:\/\/www.carolinaeyeprosthetics.com\/wp-content\/uploads\/2021\/04\/IMG_0536-Final-1024x1024.jpeg 1024w, https:\/\/www.carolinaeyeprosthetics.com\/wp-content\/uploads\/2021\/04\/IMG_0536-Final-300x300.jpeg 300w, https:\/\/www.carolinaeyeprosthetics.com\/wp-content\/uploads\/2021\/04\/IMG_0536-Final-150x150.jpeg 150w, https:\/\/www.carolinaeyeprosthetics.com\/wp-content\/uploads\/2021\/04\/IMG_0536-Final-768x768.jpeg 768w, https:\/\/www.carolinaeyeprosthetics.com\/wp-content\/uploads\/2021\/04\/IMG_0536-Final-1536x1536.jpeg 1536w, https:\/\/www.carolinaeyeprosthetics.com\/wp-content\/uploads\/2021\/04\/IMG_0536-Final-2048x2048.jpeg 2048w, https:\/\/www.carolinaeyeprosthetics.com\/wp-content\/uploads\/2021\/04\/IMG_0536-Final-12x12.jpeg 12w\" data-sizes=\"(max-width: 1024px) 100vw, 1024px\" src=\"data:image\/svg+xml;base64,PHN2ZyB3aWR0aD0iMSIgaGVpZ2h0PSIxIiB4bWxucz0iaHR0cDovL3d3dy53My5vcmcvMjAwMC9zdmciPjwvc3ZnPg==\" style=\"--smush-placeholder-width: 1024px; --smush-placeholder-aspect-ratio: 1024\/1024;\" \/><figcaption class=\"wp-element-caption\"><strong>Antes<\/strong><\/figcaption><\/figure>\n<\/div><\/div><\/div><\/div><\/div>\n\n\n\n<div class=\"wp-block-ugb-column ugb-column ugb-b4b9c0a ugb-column--design-plain ugb-main-block\"><div class=\"ugb-inner-block\"><div class=\"ugb-block-content\"><div class=\"ugb-column__item ugb-b4b9c0a-column-wrapper\"><div class=\"ugb-column__content-wrapper\">\n<figure class=\"wp-block-image size-large\"><img decoding=\"async\" width=\"1024\" height=\"1024\" data-src=\"https:\/\/www.carolinaeyeprosthetics.com\/wp-content\/uploads\/2021\/04\/IMG_0540-Final-1024x1024.jpeg\" alt=\"\" class=\"wp-image-64994 lazyload\" data-srcset=\"https:\/\/www.carolinaeyeprosthetics.com\/wp-content\/uploads\/2021\/04\/IMG_0540-Final-1024x1024.jpeg 1024w, https:\/\/www.carolinaeyeprosthetics.com\/wp-content\/uploads\/2021\/04\/IMG_0540-Final-300x300.jpeg 300w, https:\/\/www.carolinaeyeprosthetics.com\/wp-content\/uploads\/2021\/04\/IMG_0540-Final-150x150.jpeg 150w, https:\/\/www.carolinaeyeprosthetics.com\/wp-content\/uploads\/2021\/04\/IMG_0540-Final-768x768.jpeg 768w, https:\/\/www.carolinaeyeprosthetics.com\/wp-content\/uploads\/2021\/04\/IMG_0540-Final-1536x1536.jpeg 1536w, https:\/\/www.carolinaeyeprosthetics.com\/wp-content\/uploads\/2021\/04\/IMG_0540-Final-2048x2048.jpeg 2048w, https:\/\/www.carolinaeyeprosthetics.com\/wp-content\/uploads\/2021\/04\/IMG_0540-Final-12x12.jpeg 12w\" data-sizes=\"(max-width: 1024px) 100vw, 1024px\" src=\"data:image\/svg+xml;base64,PHN2ZyB3aWR0aD0iMSIgaGVpZ2h0PSIxIiB4bWxucz0iaHR0cDovL3d3dy53My5vcmcvMjAwMC9zdmciPjwvc3ZnPg==\" style=\"--smush-placeholder-width: 1024px; --smush-placeholder-aspect-ratio: 1024\/1024;\" \/><figcaption class=\"wp-element-caption\"><strong>Despu\u00e9s<\/strong><\/figcaption><\/figure>\n<\/div><\/div><\/div><\/div><\/div>\n<\/div><\/div><\/div><\/div>\n\n\n\n<h2 class=\"wp-block-heading\"><strong>Beneficios de un caparaz\u00f3n escleral corneal&nbsp;<\/strong><\/h2>\n\n\n\n<p>Nos encanta ver lo sorprendidos y emocionados que est\u00e1n nuestros pacientes y padres cuando comenzamos a ayudarlos a comprender todos los beneficios y las formas en que esto afectar\u00e1 su vida cotidiana. Estas son algunas de las cosas que podemos discutir en profundidad durante nuestras citas de consulta:<\/p>\n\n\n\n<ul class=\"wp-block-list\">\n<li>Un caparaz\u00f3n escleral proporciona una cubierta atractiva y muy a juego para la vista ciega que puede corregir un p\u00e1rpado ca\u00eddo y proporcionar una mejor simetr\u00eda a la apertura del p\u00e1rpado.<\/li>\n\n\n\n<li>Debe esperar un movimiento hermoso y m\u00e1s natural con su ojo no vidente una vez que se haya colocado. El tama\u00f1o total de su ojo no vidente aparecer\u00e1 m\u00e1s sim\u00e9trico con su ojo vidente.&nbsp;<\/li>\n\n\n\n<li>La mayor\u00eda de los pacientes informan que sienten un mayor nivel de comodidad con su capa escleral que sin ella. La superficie lisa de la carcasa cuidadosamente ajustada minimizar\u00e1 la irritaci\u00f3n cuando se cierre la tapa. Adem\u00e1s, a muchas personas con visi\u00f3n reducida les gusta c\u00f3mo la adaptaci\u00f3n bloquea la informaci\u00f3n sensorial limitada o que distrae en ese ojo.<\/li>\n<\/ul>\n\n\n\n<blockquote class=\"wp-block-quote is-layout-flow wp-block-quote-is-layout-flow\">\n<p><em><em>Siempre me siento especial cuando salgo de aqu\u00ed. S\u00e9 que lucir\u00e9 lo mejor posible cuando las chicas terminen. Siempre se siente como en familia aqu\u00ed. Me encanta.<\/em><\/em><\/p>\n<cite>Monica A. Perry<\/cite><\/blockquote>\n\n\n\n<figure class=\"wp-block-image size-large\"><a href=\"https:\/\/www.carolinaeyeprosthetics.com\/es\/e-book-download\/\" target=\"_blank\" rel=\"noopener\"><img decoding=\"async\" width=\"1024\" height=\"398\" data-src=\"https:\/\/www.carolinaeyeprosthetics.com\/wp-content\/uploads\/2021\/01\/CTA-Full-Graphic-1024x398.png\" alt=\"\" class=\"wp-image-64876 lazyload\" data-srcset=\"https:\/\/www.carolinaeyeprosthetics.com\/wp-content\/uploads\/2021\/01\/CTA-Full-Graphic-1024x398.png 1024w, https:\/\/www.carolinaeyeprosthetics.com\/wp-content\/uploads\/2021\/01\/CTA-Full-Graphic-1024x398-768x299.png 768w\" data-sizes=\"(max-width: 1024px) 100vw, 1024px\" src=\"data:image\/svg+xml;base64,PHN2ZyB3aWR0aD0iMSIgaGVpZ2h0PSIxIiB4bWxucz0iaHR0cDovL3d3dy53My5vcmcvMjAwMC9zdmciPjwvc3ZnPg==\" style=\"--smush-placeholder-width: 1024px; --smush-placeholder-aspect-ratio: 1024\/398;\" \/><\/a><\/figure>\n\n\n\n<h2 class=\"wp-block-heading\"><strong>Qu\u00e9 esperar si obtiene un caparaz\u00f3n escleral corneal<\/strong><\/h2>\n\n\n\n<p>Debe haber muchas cosas que est\u00e1s pensando<span data-mce-type=\"bookmark\" id=\"mce_1_start\" data-mce-style=\"overflow:hidden;line-height:0px\" style=\"overflow:hidden;line-height:0px\">Pregunte o le gustar\u00eda preguntar mientras sopesa sus opciones, pero aqu\u00ed hay algunas cosas que puede esperar si sigue adelante con este proceso.<\/span><\/p>\n\n\n\n<h5 class=\"wp-block-heading has-tertiary-color has-text-color\">Antes de ser equipado:<\/h5>\n\n\n\n<p>Puede haber una peque\u00f1a molestia durante el proceso de adaptaci\u00f3n, incluida una sensaci\u00f3n de cuerpo extra\u00f1o, \u00a1pero la parte m\u00e1s dolorosa f\u00edsicamente de usted o el trauma ocular de su hijo ya ha terminado en este punto! No permita que el miedo al dolor adicional, como el que experiment\u00f3 despu\u00e9s de un accidente, un tratamiento contra el c\u00e1ncer o una cirug\u00eda, le impida explorar una opci\u00f3n de capa escleral. Podemos trabajar con pacientes muy sensibles.<\/p>\n\n\n\n<h5 class=\"wp-block-heading has-tertiary-color has-text-color\">Durante una adaptaci\u00f3n:&nbsp;<\/h5>\n\n\n\n<p>Despu\u00e9s de tomar una impresi\u00f3n inicial, el caparaz\u00f3n se esculpe a mano y se ajusta cuidadosamente a las necesidades individuales de cada paciente.&nbsp;&nbsp;<\/p>\n\n\n\n<p>Todos nuestros caparazones est\u00e1n pintados a mano aqu\u00ed mismo en nuestra oficina, y puede ver nuestro trabajo y dar su opini\u00f3n mientras le damos a su nuevo caparaz\u00f3n escleral los peque\u00f1os toques que lo har\u00e1n sentir como suyo y de nadie m\u00e1s.&nbsp;<\/p>\n\n\n\n<h5 class=\"wp-block-heading has-tertiary-color has-text-color\">Despu\u00e9s de un ajuste:&nbsp;<\/h5>\n\n\n\n<p>Al igual que con los lentes de contacto, a algunos pacientes les resulta m\u00e1s f\u00e1cil acostumbrarse a usar su capa escleral con el tiempo, ya que su ojo ciego y p\u00e1rpado se reajustan a la sensaci\u00f3n completa y natural en la cuenca del ojo. Sin embargo, la mayor\u00eda de las personas pueden tolerarlo bastante bien desde el principio.<\/p>\n\n\n\n<h5 class=\"wp-block-heading has-tertiary-color has-text-color\">De nuestro equipo en Carolina Eye Prosthetics:<\/h5>\n\n\n\n<ul class=\"wp-block-list\">\n<li>Somos un consultorio familiar que trata a todos nuestros pacientes con el mismo cuidado y hospitalidad c\u00e1lidos, personales y amorosos que les ofrecer\u00eda a sus amigos cercanos o familiares en su hogar.&nbsp;<\/li>\n\n\n\n<li>Muchos de nuestros pacientes viven a poca distancia en autom\u00f3vil de nuestra oficina, pero algunas personas vienen de m\u00e1s lejos porque saben que pueden confiar en que nuestro equipo les brindar\u00e1 una atenci\u00f3n excepcional. Colocamos a nuestros pacientes de fuera de la ciudad (que viajan m\u00e1s de 1,5 horas) en un c\u00f3modo hotel cercano y pasamos horas o todo el d\u00eda con nuestros pacientes; nunca se sentir\u00e1 apurado o presionado cuando est\u00e9 aqu\u00ed con nosotros.&nbsp;<\/li>\n\n\n\n<li>\u00bfEs su hijo el que necesita un caparaz\u00f3n escleral? Les encantar\u00e1 Anna, y a ti te encantar\u00e1 la manera especial y profesional que tiene con tu hijo.&nbsp;<\/li>\n\n\n\n<li>Nos tomamos el tiempo para escuchar realmente c\u00f3mo se siente usted o su hijo y asegurarnos de que tenga respuestas s\u00f3lidas a todas sus preguntas para que pueda tomar las mejores decisiones sobre su salud con confianza.<\/li>\n<\/ul>\n\n\n\n<h2 class=\"wp-block-heading\"><strong>Busquemos un momento para hablar<\/strong><\/h2>\n\n\n\n<p>Estamos entusiasmados con las formas en que un caparaz\u00f3n escleral corneal personalizado y pintado podr\u00eda tener un impacto verdaderamente positivo en usted o en la vida de su peque\u00f1o. Si hace clic en el bot\u00f3n Cont\u00e1ctenos a continuaci\u00f3n, Brittney le dar\u00e1 una llamada telef\u00f3nica muy r\u00e1pida para encontrar un horario que funcione bien para que tenga una consulta gratuita de 20 a 30 minutos con nuestro equipo. Podemos encontrarnos en persona o incluso puedes <a href=\"https:\/\/www.carolinaeyeprosthetics.com\/es\/contact-us\/\">programe una cita por video en l\u00ednea ahora<\/a>. D\u00e9 el siguiente paso ahora y comun\u00edquese con nosotros para que podamos hacer tiempo para escuchar lo que est\u00e1 en su mente, responder sus preguntas y brindarle toda la informaci\u00f3n que necesita sobre esta opci\u00f3n.<\/p>","protected":false},"excerpt":{"rendered":"<p>Almost everyone who lives with a non-sighted eye will experience a range of challenges \u2014 especially if the blind eye is smaller and unsightly. The eye\u2019s appearance and others\u2019 reaction [&hellip;]<\/p>\n","protected":false},"author":1,"featured_media":0,"parent":0,"menu_order":0,"comment_status":"closed","ping_status":"closed","template":"","meta":{"_relevanssi_hide_post":"","_relevanssi_hide_content":"","_relevanssi_pin_for_all":"","_relevanssi_pin_keywords":"","_relevanssi_unpin_keywords":"","_relevanssi_related_keywords":"","_relevanssi_related_include_ids":"","_relevanssi_related_exclude_ids":"","_relevanssi_related_no_append":"","_relevanssi_related_not_related":"","_relevanssi_related_posts":"72,207,213,677,942,1121","_relevanssi_noindex_reason":"","_kad_blocks_custom_css":"","_kad_blocks_head_custom_js":"","_kad_blocks_body_custom_js":"","_kad_blocks_footer_custom_js":"","footnotes":""},"class_list":["post-64835","page","type-page","status-publish","hentry"],"featured_image_urls_v2":{"full":"","thumbnail":"","medium":"","medium_large":"","large":"","1536x1536":"","2048x2048":"","trp-custom-language-flag":"","post-thumbnail":"","banner":"","banner-home":"","landscape-thumb":"","landscape-medium":"","landscape-large":"","gform-image-choice-sm":"","gform-image-choice-md":"","gform-image-choice-lg":""},"post_excerpt_stackable_v2":"<p>Almost everyone who lives with a non-sighted eye will experience a range of challenges \u2014 especially if the blind eye is smaller and unsightly. The eye\u2019s appearance and others\u2019 reaction is often the biggest concern, but everything from depth perception to a drooping eyelid to discomfort of the inner eyelid can be an issue.&nbsp; Fortunately, a corneal scleral shell can dramatically help with the most common problems you or your child might face. Read about the benefits of a corneal scleral shell, what to expect before, during, and after being fitted for one, and then let us schedule a brief,&hellip;<\/p>\n","category_list_v2":"","author_info_v2":{"name":"tsl","url":"https:\/\/www.carolinaeyeprosthetics.com\/es\/author\/tsl\/"},"comments_num_v2":"0 comments","yoast_head":"<!-- This site is optimized with the Yoast SEO plugin v27.4 - https:\/\/yoast.com\/product\/yoast-seo-wordpress\/ -->\n<title>Corneal Scleral Shells | Carolina Eye Prosthetics<\/title>\n<meta name=\"description\" content=\"Explore the benefits of a corneal scleral shell eye prosthesis for you or your child. Learn more about what to expect before, during, and after a custom fitting.\" \/>\n<meta name=\"robots\" content=\"index, follow, max-snippet:-1, max-image-preview:large, max-video-preview:-1\" \/>\n<link rel=\"canonical\" href=\"https:\/\/www.carolinaeyeprosthetics.com\/es\/corneal-scleral-shell\/\" \/>\n<meta property=\"og:locale\" content=\"es_MX\" \/>\n<meta property=\"og:type\" content=\"article\" \/>\n<meta property=\"og:title\" content=\"Corneal Scleral Shells | Carolina Eye Prosthetics\" \/>\n<meta property=\"og:description\" content=\"Explore the benefits of a corneal scleral shell eye prosthesis for you or your child. Learn more about what to expect before, during, and after a custom fitting.\" \/>\n<meta property=\"og:url\" content=\"https:\/\/www.carolinaeyeprosthetics.com\/es\/corneal-scleral-shell\/\" \/>\n<meta property=\"og:site_name\" content=\"Carolina Eye Prosthetics\" \/>\n<meta property=\"article:modified_time\" content=\"2024-12-05T13:50:28+00:00\" \/>\n<meta property=\"og:image\" content=\"https:\/\/www.carolinaeyeprosthetics.com\/wp-content\/uploads\/2021\/04\/IMG_0536-Final-scaled.jpeg\" \/>\n\t<meta property=\"og:image:width\" content=\"2560\" \/>\n\t<meta property=\"og:image:height\" content=\"2560\" \/>\n\t<meta property=\"og:image:type\" content=\"image\/jpeg\" \/>\n<meta name=\"twitter:card\" content=\"summary_large_image\" \/>\n<meta name=\"twitter:label1\" content=\"Tiempo de lectura\" \/>\n\t<meta name=\"twitter:data1\" content=\"5 minutos\" \/>\n<script type=\"application\/ld+json\" class=\"yoast-schema-graph\">{\"@context\":\"https:\\\/\\\/schema.org\",\"@graph\":[{\"@type\":\"WebPage\",\"@id\":\"https:\\\/\\\/www.carolinaeyeprosthetics.com\\\/corneal-scleral-shell\\\/\",\"url\":\"https:\\\/\\\/www.carolinaeyeprosthetics.com\\\/corneal-scleral-shell\\\/\",\"name\":\"Corneal Scleral Shells | Carolina Eye Prosthetics\",\"isPartOf\":{\"@id\":\"https:\\\/\\\/www.carolinaeyeprosthetics.com\\\/#website\"},\"primaryImageOfPage\":{\"@id\":\"https:\\\/\\\/www.carolinaeyeprosthetics.com\\\/corneal-scleral-shell\\\/#primaryimage\"},\"image\":{\"@id\":\"https:\\\/\\\/www.carolinaeyeprosthetics.com\\\/corneal-scleral-shell\\\/#primaryimage\"},\"thumbnailUrl\":\"https:\\\/\\\/www.carolinaeyeprosthetics.com\\\/wp-content\\\/uploads\\\/2021\\\/04\\\/IMG_0536-Final-1024x1024.jpeg\",\"datePublished\":\"2021-01-19T16:20:21+00:00\",\"dateModified\":\"2024-12-05T13:50:28+00:00\",\"description\":\"Explore the benefits of a corneal scleral shell eye prosthesis for you or your child. Learn more about what to expect before, during, and after a custom fitting.\",\"breadcrumb\":{\"@id\":\"https:\\\/\\\/www.carolinaeyeprosthetics.com\\\/corneal-scleral-shell\\\/#breadcrumb\"},\"inLanguage\":\"es\",\"potentialAction\":[{\"@type\":\"ReadAction\",\"target\":[\"https:\\\/\\\/www.carolinaeyeprosthetics.com\\\/corneal-scleral-shell\\\/\"]}]},{\"@type\":\"ImageObject\",\"inLanguage\":\"es\",\"@id\":\"https:\\\/\\\/www.carolinaeyeprosthetics.com\\\/corneal-scleral-shell\\\/#primaryimage\",\"url\":\"https:\\\/\\\/www.carolinaeyeprosthetics.com\\\/wp-content\\\/uploads\\\/2021\\\/04\\\/IMG_0536-Final-1024x1024.jpeg\",\"contentUrl\":\"https:\\\/\\\/www.carolinaeyeprosthetics.com\\\/wp-content\\\/uploads\\\/2021\\\/04\\\/IMG_0536-Final-1024x1024.jpeg\"},{\"@type\":\"BreadcrumbList\",\"@id\":\"https:\\\/\\\/www.carolinaeyeprosthetics.com\\\/corneal-scleral-shell\\\/#breadcrumb\",\"itemListElement\":[{\"@type\":\"ListItem\",\"position\":1,\"name\":\"Home\",\"item\":\"https:\\\/\\\/www.carolinaeyeprosthetics.com\\\/\"},{\"@type\":\"ListItem\",\"position\":2,\"name\":\"Corneal Scleral Shells\"}]},{\"@type\":\"WebSite\",\"@id\":\"https:\\\/\\\/www.carolinaeyeprosthetics.com\\\/#website\",\"url\":\"https:\\\/\\\/www.carolinaeyeprosthetics.com\\\/\",\"name\":\"Carolina Eye Prosthetics\",\"description\":\"\",\"potentialAction\":[{\"@type\":\"SearchAction\",\"target\":{\"@type\":\"EntryPoint\",\"urlTemplate\":\"https:\\\/\\\/www.carolinaeyeprosthetics.com\\\/?s={search_term_string}\"},\"query-input\":{\"@type\":\"PropertyValueSpecification\",\"valueRequired\":true,\"valueName\":\"search_term_string\"}}],\"inLanguage\":\"es\"}]}<\/script>\n<!-- \/ Yoast SEO plugin. -->","yoast_head_json":{"title":"Conchas esclerales corneales | Pr\u00f3tesis de ojos de Carolina","description":"Explore los beneficios de una pr\u00f3tesis ocular de caparaz\u00f3n escleral corneal para usted o su hijo. Obtenga m\u00e1s informaci\u00f3n sobre qu\u00e9 esperar antes, durante y despu\u00e9s de una adaptaci\u00f3n personalizada.","robots":{"index":"index","follow":"follow","max-snippet":"max-snippet:-1","max-image-preview":"max-image-preview:large","max-video-preview":"max-video-preview:-1"},"canonical":"https:\/\/www.carolinaeyeprosthetics.com\/es\/corneal-scleral-shell\/","og_locale":"es_MX","og_type":"article","og_title":"Corneal Scleral Shells | Carolina Eye Prosthetics","og_description":"Explore the benefits of a corneal scleral shell eye prosthesis for you or your child. Learn more about what to expect before, during, and after a custom fitting.","og_url":"https:\/\/www.carolinaeyeprosthetics.com\/es\/corneal-scleral-shell\/","og_site_name":"Carolina Eye Prosthetics","article_modified_time":"2024-12-05T13:50:28+00:00","og_image":[{"width":2560,"height":2560,"url":"https:\/\/www.carolinaeyeprosthetics.com\/wp-content\/uploads\/2021\/04\/IMG_0536-Final-scaled.jpeg","type":"image\/jpeg"}],"twitter_card":"summary_large_image","twitter_misc":{"Tiempo de lectura":"5 minutos"},"schema":{"@context":"https:\/\/schema.org","@graph":[{"@type":"WebPage","@id":"https:\/\/www.carolinaeyeprosthetics.com\/corneal-scleral-shell\/","url":"https:\/\/www.carolinaeyeprosthetics.com\/corneal-scleral-shell\/","name":"Conchas esclerales corneales | Pr\u00f3tesis de ojos de Carolina","isPartOf":{"@id":"https:\/\/www.carolinaeyeprosthetics.com\/#website"},"primaryImageOfPage":{"@id":"https:\/\/www.carolinaeyeprosthetics.com\/corneal-scleral-shell\/#primaryimage"},"image":{"@id":"https:\/\/www.carolinaeyeprosthetics.com\/corneal-scleral-shell\/#primaryimage"},"thumbnailUrl":"https:\/\/www.carolinaeyeprosthetics.com\/wp-content\/uploads\/2021\/04\/IMG_0536-Final-1024x1024.jpeg","datePublished":"2021-01-19T16:20:21+00:00","dateModified":"2024-12-05T13:50:28+00:00","description":"Explore los beneficios de una pr\u00f3tesis ocular de caparaz\u00f3n escleral corneal para usted o su hijo. Obtenga m\u00e1s informaci\u00f3n sobre qu\u00e9 esperar antes, durante y despu\u00e9s de una adaptaci\u00f3n personalizada.","breadcrumb":{"@id":"https:\/\/www.carolinaeyeprosthetics.com\/corneal-scleral-shell\/#breadcrumb"},"inLanguage":"es","potentialAction":[{"@type":"ReadAction","target":["https:\/\/www.carolinaeyeprosthetics.com\/corneal-scleral-shell\/"]}]},{"@type":"ImageObject","inLanguage":"es","@id":"https:\/\/www.carolinaeyeprosthetics.com\/corneal-scleral-shell\/#primaryimage","url":"https:\/\/www.carolinaeyeprosthetics.com\/wp-content\/uploads\/2021\/04\/IMG_0536-Final-1024x1024.jpeg","contentUrl":"https:\/\/www.carolinaeyeprosthetics.com\/wp-content\/uploads\/2021\/04\/IMG_0536-Final-1024x1024.jpeg"},{"@type":"BreadcrumbList","@id":"https:\/\/www.carolinaeyeprosthetics.com\/corneal-scleral-shell\/#breadcrumb","itemListElement":[{"@type":"ListItem","position":1,"name":"Home","item":"https:\/\/www.carolinaeyeprosthetics.com\/"},{"@type":"ListItem","position":2,"name":"Corneal Scleral Shells"}]},{"@type":"WebSite","@id":"https:\/\/www.carolinaeyeprosthetics.com\/#website","url":"https:\/\/www.carolinaeyeprosthetics.com\/","name":"Pr\u00f3tesis de ojos de Carolina","description":"","potentialAction":[{"@type":"SearchAction","target":{"@type":"EntryPoint","urlTemplate":"https:\/\/www.carolinaeyeprosthetics.com\/?s={search_term_string}"},"query-input":{"@type":"PropertyValueSpecification","valueRequired":true,"valueName":"search_term_string"}}],"inLanguage":"es"}]}},"taxonomy_info":[],"featured_image_src_large":false,"author_info":{"display_name":"tsl","author_link":"https:\/\/www.carolinaeyeprosthetics.com\/es\/author\/tsl\/"},"comment_info":0,"_links":{"self":[{"href":"https:\/\/www.carolinaeyeprosthetics.com\/es\/wp-json\/wp\/v2\/pages\/64835","targetHints":{"allow":["GET"]}}],"collection":[{"href":"https:\/\/www.carolinaeyeprosthetics.com\/es\/wp-json\/wp\/v2\/pages"}],"about":[{"href":"https:\/\/www.carolinaeyeprosthetics.com\/es\/wp-json\/wp\/v2\/types\/page"}],"author":[{"embeddable":true,"href":"https:\/\/www.carolinaeyeprosthetics.com\/es\/wp-json\/wp\/v2\/users\/1"}],"replies":[{"embeddable":true,"href":"https:\/\/www.carolinaeyeprosthetics.com\/es\/wp-json\/wp\/v2\/comments?post=64835"}],"version-history":[{"count":0,"href":"https:\/\/www.carolinaeyeprosthetics.com\/es\/wp-json\/wp\/v2\/pages\/64835\/revisions"}],"wp:attachment":[{"href":"https:\/\/www.carolinaeyeprosthetics.com\/es\/wp-json\/wp\/v2\/media?parent=64835"}],"curies":[{"name":"gracias","href":"https:\/\/api.w.org\/{rel}","templated":true}]}}