{"id":64838,"date":"2021-01-19T11:21:02","date_gmt":"2021-01-19T16:21:02","guid":{"rendered":"https:\/\/www.carolinaeyeprosthetics.com\/?page_id=64838"},"modified":"2024-11-12T10:31:37","modified_gmt":"2024-11-12T15:31:37","slug":"treating-microphthalmic-socket","status":"publish","type":"page","link":"https:\/\/www.carolinaeyeprosthetics.com\/es\/treating-microphthalmic-socket\/","title":{"rendered":"Tratamiento de la cavidad microft\u00e1lmica"},"content":{"rendered":"<p>En una semana promedio en los Estados Unidos, m\u00e1s de una docena de familias dan la bienvenida a un nuevo beb\u00e9 que tiene microftalmia. Probablemente se sienta como si nadie lo entendiera mientras comienza a decidir c\u00f3mo cuidar las necesidades de su hijo, pero mam\u00e1, pap\u00e1 ... <em>usted no est\u00e1 solo<\/em>. Hay algunos recursos de apoyo realmente maravillosos y estamos ansiosos por ayudarlo a conectarse con una comunidad de otros padres que han estado exactamente donde usted est\u00e1 ahora.<\/p>\n\n\n\n<p>\u00bfLe gustar\u00eda comenzar a explorar algunos de esos recursos ahora? Encontrar\u00e1 una gran cantidad de informaci\u00f3n en el <a href=\"https:\/\/www.wonderbaby.org\/maps\" target=\"_blank\" rel=\"noreferrer noopener\">Sitio web de apoyo para padres de microftalmia \/ anoftalmia (MAPS)<\/a>.<\/p>\n\n\n\n<p>Adem\u00e1s, queremos que sepa que estamos aqu\u00ed para ayudarlo. Somos ocularistas, no terapeutas, pero tenemos una oportunidad \u00fanica de sentarnos con los padres y sentir empat\u00eda con gran parte de lo que est\u00e1 tratando de procesar. No solo entendemos las realidades detalladas, t\u00e9cnicas y m\u00e9dicas a las que se enfrenta, sino tambi\u00e9n las formas en que muchas familias antes de usted han atravesado estos d\u00edas dif\u00edciles. A nuestro equipo le gustar\u00eda escuchar m\u00e1s sobre todas las preguntas o inquietudes que tiene hoy y ayudarlo a ver c\u00f3mo <a href=\"https:\/\/www.carolinaeyeprosthetics.com\/es\/services\/\">conformadores personalizados y ojos artificiales<\/a> puede marcar una diferencia dram\u00e1tica en la vida de su peque\u00f1o.&nbsp;<\/p>\n\n\n\n<p>Ayudar a las familias a adaptarse a la realidad de vivir con microftalmia o anoftalmia es una parte muy importante de nuestro trabajo en <a href=\"https:\/\/www.carolinaeyeprosthetics.com\/es\/\">Pr\u00f3tesis de ojos de Carolina<\/a>. Hacemos las cosas de manera diferente en nuestra oficina, donde tomar todo el tiempo y la atenci\u00f3n que un paciente y su familia necesitan durante una cita es la norma. Lea sobre c\u00f3mo nuestra terapia de conformaci\u00f3n graduada puede ayudar a su hijo a desarrollarse y qu\u00e9 esperar antes de visitarnos. Luego, t\u00f3mate un minuto para acercarte para que Brittany pueda <a href=\"https:\/\/www.carolinaeyeprosthetics.com\/es\/contact-us\/\">programar una breve consulta<\/a> sin costo ni obligaci\u00f3n para su familia.<\/p>\n\n\n\n<figure class=\"wp-block-image size-large\"><a href=\"https:\/\/www.carolinaeyeprosthetics.com\/es\/e-book-download\/\" target=\"_blank\" rel=\"noopener\"><img decoding=\"async\" width=\"1024\" height=\"398\" data-src=\"https:\/\/www.carolinaeyeprosthetics.com\/wp-content\/uploads\/2021\/01\/CTA-Full-Graphic-1024x398.png\" alt=\"\" class=\"wp-image-64876 lazyload\" data-srcset=\"https:\/\/www.carolinaeyeprosthetics.com\/wp-content\/uploads\/2021\/01\/CTA-Full-Graphic-1024x398.png 1024w, https:\/\/www.carolinaeyeprosthetics.com\/wp-content\/uploads\/2021\/01\/CTA-Full-Graphic-1024x398-768x299.png 768w\" data-sizes=\"(max-width: 1024px) 100vw, 1024px\" src=\"data:image\/svg+xml;base64,PHN2ZyB3aWR0aD0iMSIgaGVpZ2h0PSIxIiB4bWxucz0iaHR0cDovL3d3dy53My5vcmcvMjAwMC9zdmciPjwvc3ZnPg==\" style=\"--smush-placeholder-width: 1024px; --smush-placeholder-aspect-ratio: 1024\/398;\" \/><\/a><\/figure>\n\n\n\n<h2 class=\"wp-block-heading\"><strong>Las diferencias entre microftalmia y anoftalmia<\/strong><\/h2>\n\n\n\n<p>Si est\u00e1 explorando nuestros servicios en Carolina Eye Prosthetics, entendemos que probablemente ya est\u00e9 muy consciente de los detalles relacionados con estas condiciones. Sin embargo, para resumir y aclarar r\u00e1pidamente, tanto la microftalmia como la anoftalmia son defectos de nacimiento que afectan los ojos de un reci\u00e9n nacido. La microftalmia es una afecci\u00f3n en la que uno o ambos ojos tienen un tama\u00f1o insuficiente porque no se desarrollaron completamente durante el embarazo. Con la anoftalmia, uno o ambos ojos no se desarrollaron en absoluto.&nbsp;<\/p>\n\n\n\n<p>Una de las realidades profundamente frustrantes de ambas afecciones es que nuestra investigaci\u00f3n m\u00e9dica m\u00e1s avanzada a\u00fan no puede decirnos exactamente por qu\u00e9 su hijo tiene uno de estos defectos de nacimiento. Nos estamos acercando a comprender las posibilidades para predecirlas o prevenirlas, pero a\u00fan queda trabajo por hacer en esa \u00e1rea. Lo que podemos decirle hoy es que la terapia conformer graduada es el mejor tratamiento posible para cualquiera de las afecciones. \u00a1Puede tener un impacto dram\u00e1ticamente positivo en la salud, la apariencia f\u00edsica y la confianza de su hijo a medida que crece!&nbsp;<\/p>\n\n\n\n<h2 class=\"wp-block-heading\"><strong>C\u00f3mo funciona la terapia de conformadores graduados<\/strong><\/h2>\n\n\n\n<p>Nuestro equipo se toma una gran cantidad de tiempo para hablar con los padres sobre c\u00f3mo funciona la terapia conformer graduada antes de comenzar el tratamiento, pero podemos brindarle una breve descripci\u00f3n aqu\u00ed. B\u00e1sicamente, el hueso y los tejidos de las cuencas de los ojos de su hijo crecer\u00e1n y cambiar\u00e1n r\u00e1pidamente hasta que tengan varios a\u00f1os. Debido a que el ojo y la cuenca afectados por la microftalmia son m\u00e1s peque\u00f1os que el otro ojo, es importante ayudar a que los tejidos de la cuenca se estiren hasta que tengan el mismo tama\u00f1o que el otro ojo.<\/p>\n\n\n\n<p>Lo hacemos insertando una serie de conformadores gradualmente m\u00e1s grandes, que ayudar\u00e1n a remodelar el encaje de tama\u00f1o insuficiente, a medida que su hijo crece. El proceso es necesario para garantizar que su hijo pronto pueda recibir una pr\u00f3tesis ocular artificial completa. En Carolina Eye Prosthetics, creamos <a href=\"https:\/\/www.carolinaeyeprosthetics.com\/es\/custom-artificial-eye\/\">ojos prot\u00e9sicos personalizados pintados a mano<\/a> para nuestros pacientes.&nbsp;<\/p>\n\n\n\n<p>La terapia conformer graduada se puede iniciar con ni\u00f1os de hasta una semana de edad. No todos los ni\u00f1os con microftalmia necesitan comenzar tan temprano, pero a menudo es mejor comenzar m\u00e1s temprano que tarde con nuestros pacientes m\u00e1s j\u00f3venes. Leer m\u00e1s sobre <a href=\"https:\/\/www.carolinaeyeprosthetics.com\/es\/treating-microphthalmia-in-babies\/\">el proceso de terapia conformer graduado<\/a>.<\/p>\n\n\n\n<h2 class=\"wp-block-heading\"><strong>Qu\u00e9 esperar antes de una cita de terapia de conformador graduada<\/strong><\/h2>\n\n\n\n<p>La principal preocupaci\u00f3n de los padres que est\u00e1n explorando el tratamiento de la microftalmia o anoftalmia de sus hijos es: \u201c<em>\u00bfDoler\u00e1?<\/em>\u201dA pesar de que Anna y nuestros otros ocularistas han estado tratando a ni\u00f1os y ayudando a las familias durante muchos a\u00f1os, todav\u00eda sentimos el peso de la preocupaci\u00f3n detr\u00e1s de esa pregunta cada vez que un padre como t\u00fa pregunta.&nbsp;<\/p>\n\n\n\n<p>Ning\u00fan padre amoroso quiere que su hijo sufra jam\u00e1s. La realidad es que tratar su microftalmia puede causar algunas molestias de corta duraci\u00f3n, pero nuestro equipo sabe exactamente c\u00f3mo prepararlo a usted y a su hijo para su tratamiento a fin de minimizar la ansiedad. Puede confiar en nosotros. La salud de su hijo y ayudarlos, y a usted, a recuperarse del trauma de su defecto cong\u00e9nito son siempre nuestras preocupaciones centrales. Contamos con un plan, protocolos espec\u00edficos y reglas b\u00e1sicas para ni\u00f1os y padres, y una metodolog\u00eda para minimizar los aspectos negativos de la terapia conformer graduada para todos. Y, una vez que comprenda completamente todos los beneficios positivos de este tratamiento y vea cu\u00e1n atentos estamos con nuestros pacientes, se sentir\u00e1 bien de seguir adelante para brindarle a su hijo la atenci\u00f3n que necesita.<\/p>\n\n\n\n<h5 class=\"wp-block-heading\"><strong><span style=\"color:#ED5F2D\" class=\"tadv-color\">Antes de su visita con nosotros:<\/span><\/strong><\/h5>\n\n\n\n<ul class=\"wp-block-list\">\n<li>Cuente con nosotros para explicar completamente todos los aspectos de la terapia de su hijo y tomar todo el tiempo y el espacio que necesite para hacer preguntas y tener claro el camino a seguir.\u00a0<\/li>\n\n\n\n<li>Tendr\u00e1 una idea clara del plan de atenci\u00f3n a corto y largo plazo para su hijo.<\/li>\n\n\n\n<li>Se abordar\u00e1n todos los detalles sobre cualquier inquietud financiera que tenga. Tendr\u00e1 total transparencia sobre nuestro proceso de facturaci\u00f3n y pagos.<\/li>\n\n\n\n<li>Programaremos una consulta inicial de 20 a 30 minutos con usted para comenzar a comprender la situaci\u00f3n de su familia y hablar sobre sus opciones para seguir adelante.\u00a0<\/li>\n<\/ul>\n\n\n\n<h2 class=\"wp-block-heading\"><strong>Programe su cita hoy<\/strong><\/h2>\n\n\n\n<p>Sabemos que este es un momento dif\u00edcil para su familia. Puede estar cansado, enojado, triste o una mezcla complicada de tantas emociones diferentes. Y es posible que hoy tenga dificultades para comprender cu\u00e1l es el mejor paso siguiente. Mam\u00e1, pap\u00e1: lo mejor que puede hacer hoy por su hijo es ponerse en contacto con nuestro equipo ahora. Le ayudaremos a encontrar un camino a seguir en el que pueda sentirse seguro y esperanzado. Hay mucho m\u00e1s que nos complace compartir con usted sobre este proceso y lo que puede esperar de su hijo en los pr\u00f3ximos d\u00edas. Brittney maneja la mayor parte de nuestra comunicaci\u00f3n de admisi\u00f3n de nuevos pacientes y quiere darle una llamada telef\u00f3nica r\u00e1pida para encontrar el momento ideal para esa consulta de 20 a 30 minutos. <a href=\"https:\/\/www.carolinaeyeprosthetics.com\/es\/contact-us\/\">Env\u00edanos una nota ahora<\/a> para que podamos comunicarnos con usted.<\/p>","protected":false},"excerpt":{"rendered":"<p>In an average week in the United States, more than a dozen families welcome a new baby who has microphthalmia. It probably feels like no one understands as you begin [&hellip;]<\/p>\n","protected":false},"author":1,"featured_media":0,"parent":0,"menu_order":0,"comment_status":"closed","ping_status":"closed","template":"","meta":{"_relevanssi_hide_post":"","_relevanssi_hide_content":"","_relevanssi_pin_for_all":"","_relevanssi_pin_keywords":"","_relevanssi_unpin_keywords":"","_relevanssi_related_keywords":"","_relevanssi_related_include_ids":"","_relevanssi_related_exclude_ids":"","_relevanssi_related_no_append":"","_relevanssi_related_not_related":"","_relevanssi_related_posts":"72,207,213,677,942,1121","_relevanssi_noindex_reason":"","_kad_blocks_custom_css":"","_kad_blocks_head_custom_js":"","_kad_blocks_body_custom_js":"","_kad_blocks_footer_custom_js":"","footnotes":""},"class_list":["post-64838","page","type-page","status-publish","hentry"],"featured_image_urls_v2":{"full":"","thumbnail":"","medium":"","medium_large":"","large":"","1536x1536":"","2048x2048":"","trp-custom-language-flag":"","post-thumbnail":"","banner":"","banner-home":"","landscape-thumb":"","landscape-medium":"","landscape-large":"","gform-image-choice-sm":"","gform-image-choice-md":"","gform-image-choice-lg":""},"post_excerpt_stackable_v2":"<p>In an average week in the United States, more than a dozen families welcome a new baby who has microphthalmia. It probably feels like no one understands as you begin sorting out how to care for your child\u2019s needs, but Mom, Dad \u2014 you are not alone. There are some truly wonderful resources for support out there, and we are eager to help you connect with a community of other parents who have been exactly where you are right now. Would you like to start exploring some of those resources now? You will find a wealth of information at the&hellip;<\/p>\n","category_list_v2":"","author_info_v2":{"name":"tsl","url":"https:\/\/www.carolinaeyeprosthetics.com\/es\/author\/tsl\/"},"comments_num_v2":"0 comments","yoast_head":"<!-- This site is optimized with the Yoast SEO plugin v27.4 - https:\/\/yoast.com\/product\/yoast-seo-wordpress\/ -->\n<title>Treating Microphthalmic Socket | Carolina Eye Prosthetics<\/title>\n<meta name=\"description\" content=\"Learn about the best options for treating your child&#039;s microphthalmia or anophthalmia with the empathetic team of experts at Carolina Eye Prosthetics.\" \/>\n<meta name=\"robots\" content=\"index, follow, max-snippet:-1, max-image-preview:large, max-video-preview:-1\" \/>\n<link rel=\"canonical\" href=\"https:\/\/www.carolinaeyeprosthetics.com\/es\/treating-microphthalmic-socket\/\" \/>\n<meta property=\"og:locale\" content=\"es_MX\" \/>\n<meta property=\"og:type\" content=\"article\" \/>\n<meta property=\"og:title\" content=\"Treating Microphthalmic Socket | Carolina Eye Prosthetics\" \/>\n<meta property=\"og:description\" content=\"Learn about the best options for treating your child&#039;s microphthalmia or anophthalmia with the empathetic team of experts at Carolina Eye Prosthetics.\" \/>\n<meta property=\"og:url\" content=\"https:\/\/www.carolinaeyeprosthetics.com\/es\/treating-microphthalmic-socket\/\" \/>\n<meta property=\"og:site_name\" content=\"Carolina Eye Prosthetics\" \/>\n<meta property=\"article:modified_time\" content=\"2024-11-12T15:31:37+00:00\" \/>\n<meta property=\"og:image\" content=\"https:\/\/www.carolinaeyeprosthetics.com\/wp-content\/uploads\/2021\/01\/CTA-Full-Graphic-1024x398.png\" \/>\n\t<meta property=\"og:image:width\" content=\"1024\" \/>\n\t<meta property=\"og:image:height\" content=\"398\" \/>\n\t<meta property=\"og:image:type\" content=\"image\/png\" \/>\n<meta name=\"twitter:card\" content=\"summary_large_image\" \/>\n<meta name=\"twitter:label1\" content=\"Tiempo de lectura\" \/>\n\t<meta name=\"twitter:data1\" content=\"6 minutos\" \/>\n<script type=\"application\/ld+json\" class=\"yoast-schema-graph\">{\"@context\":\"https:\\\/\\\/schema.org\",\"@graph\":[{\"@type\":\"WebPage\",\"@id\":\"https:\\\/\\\/www.carolinaeyeprosthetics.com\\\/treating-microphthalmic-socket\\\/\",\"url\":\"https:\\\/\\\/www.carolinaeyeprosthetics.com\\\/treating-microphthalmic-socket\\\/\",\"name\":\"Treating Microphthalmic Socket | Carolina Eye Prosthetics\",\"isPartOf\":{\"@id\":\"https:\\\/\\\/www.carolinaeyeprosthetics.com\\\/#website\"},\"primaryImageOfPage\":{\"@id\":\"https:\\\/\\\/www.carolinaeyeprosthetics.com\\\/treating-microphthalmic-socket\\\/#primaryimage\"},\"image\":{\"@id\":\"https:\\\/\\\/www.carolinaeyeprosthetics.com\\\/treating-microphthalmic-socket\\\/#primaryimage\"},\"thumbnailUrl\":\"https:\\\/\\\/www.carolinaeyeprosthetics.com\\\/wp-content\\\/uploads\\\/2021\\\/01\\\/CTA-Full-Graphic-1024x398.png\",\"datePublished\":\"2021-01-19T16:21:02+00:00\",\"dateModified\":\"2024-11-12T15:31:37+00:00\",\"description\":\"Learn about the best options for treating your child's microphthalmia or anophthalmia with the empathetic team of experts at Carolina Eye Prosthetics.\",\"breadcrumb\":{\"@id\":\"https:\\\/\\\/www.carolinaeyeprosthetics.com\\\/treating-microphthalmic-socket\\\/#breadcrumb\"},\"inLanguage\":\"es\",\"potentialAction\":[{\"@type\":\"ReadAction\",\"target\":[\"https:\\\/\\\/www.carolinaeyeprosthetics.com\\\/treating-microphthalmic-socket\\\/\"]}]},{\"@type\":\"ImageObject\",\"inLanguage\":\"es\",\"@id\":\"https:\\\/\\\/www.carolinaeyeprosthetics.com\\\/treating-microphthalmic-socket\\\/#primaryimage\",\"url\":\"https:\\\/\\\/www.carolinaeyeprosthetics.com\\\/wp-content\\\/uploads\\\/2021\\\/01\\\/CTA-Full-Graphic-1024x398.png\",\"contentUrl\":\"https:\\\/\\\/www.carolinaeyeprosthetics.com\\\/wp-content\\\/uploads\\\/2021\\\/01\\\/CTA-Full-Graphic-1024x398.png\"},{\"@type\":\"BreadcrumbList\",\"@id\":\"https:\\\/\\\/www.carolinaeyeprosthetics.com\\\/treating-microphthalmic-socket\\\/#breadcrumb\",\"itemListElement\":[{\"@type\":\"ListItem\",\"position\":1,\"name\":\"Home\",\"item\":\"https:\\\/\\\/www.carolinaeyeprosthetics.com\\\/\"},{\"@type\":\"ListItem\",\"position\":2,\"name\":\"Treating Microphthalmic Socket\"}]},{\"@type\":\"WebSite\",\"@id\":\"https:\\\/\\\/www.carolinaeyeprosthetics.com\\\/#website\",\"url\":\"https:\\\/\\\/www.carolinaeyeprosthetics.com\\\/\",\"name\":\"Carolina Eye Prosthetics\",\"description\":\"\",\"potentialAction\":[{\"@type\":\"SearchAction\",\"target\":{\"@type\":\"EntryPoint\",\"urlTemplate\":\"https:\\\/\\\/www.carolinaeyeprosthetics.com\\\/?s={search_term_string}\"},\"query-input\":{\"@type\":\"PropertyValueSpecification\",\"valueRequired\":true,\"valueName\":\"search_term_string\"}}],\"inLanguage\":\"es\"}]}<\/script>\n<!-- \/ Yoast SEO plugin. -->","yoast_head_json":{"title":"Tratamiento de la cavidad microft\u00e1lmica | Pr\u00f3tesis de ojos de Carolina","description":"Conozca las mejores opciones para tratar la microftalmia o anoftalmia de su hijo con el equipo emp\u00e1tico de expertos de Carolina Eye Prosthetics.","robots":{"index":"index","follow":"follow","max-snippet":"max-snippet:-1","max-image-preview":"max-image-preview:large","max-video-preview":"max-video-preview:-1"},"canonical":"https:\/\/www.carolinaeyeprosthetics.com\/es\/treating-microphthalmic-socket\/","og_locale":"es_MX","og_type":"article","og_title":"Treating Microphthalmic Socket | Carolina Eye Prosthetics","og_description":"Learn about the best options for treating your child's microphthalmia or anophthalmia with the empathetic team of experts at Carolina Eye Prosthetics.","og_url":"https:\/\/www.carolinaeyeprosthetics.com\/es\/treating-microphthalmic-socket\/","og_site_name":"Carolina Eye Prosthetics","article_modified_time":"2024-11-12T15:31:37+00:00","og_image":[{"width":1024,"height":398,"url":"https:\/\/www.carolinaeyeprosthetics.com\/wp-content\/uploads\/2021\/01\/CTA-Full-Graphic-1024x398.png","type":"image\/png"}],"twitter_card":"summary_large_image","twitter_misc":{"Tiempo de lectura":"6 minutos"},"schema":{"@context":"https:\/\/schema.org","@graph":[{"@type":"WebPage","@id":"https:\/\/www.carolinaeyeprosthetics.com\/treating-microphthalmic-socket\/","url":"https:\/\/www.carolinaeyeprosthetics.com\/treating-microphthalmic-socket\/","name":"Tratamiento de la cavidad microft\u00e1lmica | Pr\u00f3tesis de ojos de Carolina","isPartOf":{"@id":"https:\/\/www.carolinaeyeprosthetics.com\/#website"},"primaryImageOfPage":{"@id":"https:\/\/www.carolinaeyeprosthetics.com\/treating-microphthalmic-socket\/#primaryimage"},"image":{"@id":"https:\/\/www.carolinaeyeprosthetics.com\/treating-microphthalmic-socket\/#primaryimage"},"thumbnailUrl":"https:\/\/www.carolinaeyeprosthetics.com\/wp-content\/uploads\/2021\/01\/CTA-Full-Graphic-1024x398.png","datePublished":"2021-01-19T16:21:02+00:00","dateModified":"2024-11-12T15:31:37+00:00","description":"Conozca las mejores opciones para tratar la microftalmia o anoftalmia de su hijo con el equipo emp\u00e1tico de expertos de Carolina Eye Prosthetics.","breadcrumb":{"@id":"https:\/\/www.carolinaeyeprosthetics.com\/treating-microphthalmic-socket\/#breadcrumb"},"inLanguage":"es","potentialAction":[{"@type":"ReadAction","target":["https:\/\/www.carolinaeyeprosthetics.com\/treating-microphthalmic-socket\/"]}]},{"@type":"ImageObject","inLanguage":"es","@id":"https:\/\/www.carolinaeyeprosthetics.com\/treating-microphthalmic-socket\/#primaryimage","url":"https:\/\/www.carolinaeyeprosthetics.com\/wp-content\/uploads\/2021\/01\/CTA-Full-Graphic-1024x398.png","contentUrl":"https:\/\/www.carolinaeyeprosthetics.com\/wp-content\/uploads\/2021\/01\/CTA-Full-Graphic-1024x398.png"},{"@type":"BreadcrumbList","@id":"https:\/\/www.carolinaeyeprosthetics.com\/treating-microphthalmic-socket\/#breadcrumb","itemListElement":[{"@type":"ListItem","position":1,"name":"Home","item":"https:\/\/www.carolinaeyeprosthetics.com\/"},{"@type":"ListItem","position":2,"name":"Treating Microphthalmic Socket"}]},{"@type":"WebSite","@id":"https:\/\/www.carolinaeyeprosthetics.com\/#website","url":"https:\/\/www.carolinaeyeprosthetics.com\/","name":"Pr\u00f3tesis de ojos de Carolina","description":"","potentialAction":[{"@type":"SearchAction","target":{"@type":"EntryPoint","urlTemplate":"https:\/\/www.carolinaeyeprosthetics.com\/?s={search_term_string}"},"query-input":{"@type":"PropertyValueSpecification","valueRequired":true,"valueName":"search_term_string"}}],"inLanguage":"es"}]}},"taxonomy_info":[],"featured_image_src_large":false,"author_info":{"display_name":"tsl","author_link":"https:\/\/www.carolinaeyeprosthetics.com\/es\/author\/tsl\/"},"comment_info":0,"_links":{"self":[{"href":"https:\/\/www.carolinaeyeprosthetics.com\/es\/wp-json\/wp\/v2\/pages\/64838","targetHints":{"allow":["GET"]}}],"collection":[{"href":"https:\/\/www.carolinaeyeprosthetics.com\/es\/wp-json\/wp\/v2\/pages"}],"about":[{"href":"https:\/\/www.carolinaeyeprosthetics.com\/es\/wp-json\/wp\/v2\/types\/page"}],"author":[{"embeddable":true,"href":"https:\/\/www.carolinaeyeprosthetics.com\/es\/wp-json\/wp\/v2\/users\/1"}],"replies":[{"embeddable":true,"href":"https:\/\/www.carolinaeyeprosthetics.com\/es\/wp-json\/wp\/v2\/comments?post=64838"}],"version-history":[{"count":0,"href":"https:\/\/www.carolinaeyeprosthetics.com\/es\/wp-json\/wp\/v2\/pages\/64838\/revisions"}],"wp:attachment":[{"href":"https:\/\/www.carolinaeyeprosthetics.com\/es\/wp-json\/wp\/v2\/media?parent=64838"}],"curies":[{"name":"gracias","href":"https:\/\/api.w.org\/{rel}","templated":true}]}}