{"id":64842,"date":"2021-01-19T11:22:02","date_gmt":"2021-01-19T16:22:02","guid":{"rendered":"https:\/\/www.carolinaeyeprosthetics.com\/?page_id=64842"},"modified":"2023-04-05T18:07:53","modified_gmt":"2023-04-05T22:07:53","slug":"providers","status":"publish","type":"page","link":"https:\/\/www.carolinaeyeprosthetics.com\/es\/providers\/","title":{"rendered":"Asociaciones de referencia de proveedores"},"content":{"rendered":"<p>Incluso el trabajo y la experiencia quir\u00fargicos m\u00e1s excepcionales pueden volverse amargos para un paciente con una experiencia ocularista terrible. Idealmente, el equipo de ocularistas al que env\u00eda a sus pacientes complementar\u00e1 y mejorar\u00e1 todo el trabajo delicado y duro que ya ha realizado. Quiz\u00e1s haya descubierto que una fuerte continuidad de la atenci\u00f3n ha sido m\u00e1s una excepci\u00f3n que un est\u00e1ndar. Eso es lo que hemos escuchado de muchos de los proveedores que finalmente encontraron una conexi\u00f3n saludable y mutuamente beneficiosa con nuestro equipo en <a href=\"https:\/\/www.carolinaeyeprosthetics.com\/es\/\">Pr\u00f3tesis de ojos de Carolina<\/a>.&nbsp;<\/p>\n\n\n\n<p>Entendemos las razones por las que no es f\u00e1cil construir una red de ocularistas confiables para las derivaciones y, a menudo, comienza con una falta de profesionalismo incluso en las necesidades m\u00e1s b\u00e1sicas: una comunicaci\u00f3n receptiva y confiable. Su trabajo y sus pacientes merecen mucho m\u00e1s, y eso es lo que siempre nos hemos comprometido a brindar. Hemos descrito algunas formas en que podemos ayudarlo a usted y a su pr\u00e1ctica, y esperamos que nos permita comunicarnos con usted, pero por ahora, solo le daremos la bienvenida. \u00a1Nos alegra que est\u00e9 aqu\u00ed!<\/p>\n\n\n\n<h2 class=\"wp-block-heading\"><strong>A qui\u00e9n servimos en Carolina Eye Prosthetics<\/strong><\/h2>\n\n\n\n<p>Estamos ubicados en Burlington, Carolina del Norte, y servimos a la regi\u00f3n Triad, pero muchos de nuestros pacientes provienen de un radio de 300 millas a trav\u00e9s de las fronteras estatales y de todo el pa\u00eds. Han o\u00eddo hablar de la atenci\u00f3n excepcional que brindamos, que incluye extras como alojamiento c\u00f3modo en un hotel cerca de nuestra oficina, a nuestro cargo, para pacientes de fuera de la ciudad que viajan desde m\u00e1s de 1,5 horas de distancia. Nos tomamos ese tipo de tiempo y molestias para nuestros pacientes porque somos una pr\u00e1ctica familiar que ofrece claridad en cada etapa del proceso y prioriza la atenci\u00f3n profesional y minuciosa a las necesidades de todos nuestros pacientes y familias con la <a href=\"https:\/\/www.carolinaeyeprosthetics.com\/es\/services\/\">servicios que ofrecemos<\/a>.\u00a0<\/p>\n\n\n\n<h2 class=\"wp-block-heading\"><strong>Por qu\u00e9 a los proveedores les encanta referirse a las pr\u00f3tesis oft\u00e1lmicas de Carolina<\/strong><\/h2>\n\n\n\n<h5 class=\"has-tertiary-color has-text-color wp-block-heading\">Estamos centrados en el paciente<\/h5>\n\n\n\n<p>Ese ambiente familiar y la c\u00e1lida bienvenida que mencionamos es algo que nuestros clientes a menudo nos dicen que pueden sentir de inmediato. En el <a href=\"https:\/\/www.carolinaeyeprosthetics.com\/es\/staff\/\">biograf\u00edas para nuestro equipo<\/a> Ver\u00e1 r\u00e1pidamente no solo la profundidad de la experiencia que tenemos con pacientes pedi\u00e1tricos, personas mayores y todos los dem\u00e1s, sino tambi\u00e9n parte del car\u00e1cter de nuestros ocularistas.<\/p>\n\n\n\n<h5 class=\"has-tertiary-color has-text-color wp-block-heading\">Comunicaci\u00f3n r\u00e1pida y profesional<\/h5>\n\n\n\n<p>Si nos env\u00eda una nota para permitirnos ponernos en contacto, ver\u00e1 cu\u00e1n seriamente damos prioridad a la comunicaci\u00f3n \u00fatil y clara en la que puede confiar. Es m\u00e1s que un profesional dado por nosotros. Sabemos que los cirujanos y otros proveedores a menudo necesitan que un paciente sea atendido con poca antelaci\u00f3n, por lo que nuestros socios valoran la forma en que pueden esperar recibir noticias nuestras de inmediato.<\/p>\n\n\n\n<h5 class=\"has-tertiary-color has-text-color wp-block-heading\">Nuestro trabajo hace que su trabajo se vea a\u00fan mejor<\/h5>\n\n\n\n<p>Todas nuestras pr\u00f3tesis est\u00e1n hechas a medida y pintadas a mano. Y no es simplemente que nuestras pr\u00f3tesis se vean mejor y se sientan sustancialmente diferentes de lo que los pacientes encontrar\u00e1n con otras opciones de ocularistas. Nos aseguramos de que nuestros pacientes se sientan relajados, empoderados y tengan la opci\u00f3n de participar en el proceso de personalizaci\u00f3n, si as\u00ed lo desean.<\/p>\n\n\n\n<h5 class=\"has-tertiary-color has-text-color wp-block-heading\">Invertimos el tiempo necesario con cada paciente y familia<\/h5>\n\n\n\n<p>Trabajamos en estrecha colaboraci\u00f3n con ni\u00f1os que reci\u00e9n est\u00e1n comenzando a decidir c\u00f3mo hablar sobre su nuevo ojo o afecci\u00f3n con amigos y extra\u00f1os para que sepan c\u00f3mo evitar sentirse avergonzados o estigmatizados. Tambi\u00e9n dedicamos tiempo a ayudar a pacientes adultos que tristemente han internalizado algunos de esos pensamientos y sentimientos, a veces durante d\u00e9cadas, y que finalmente est\u00e1n listos para explorar una mejor opci\u00f3n que los ayude a recuperar la confianza. Prometemos a nuestros pacientes que nunca se sentir\u00e1n apurados, incluso si eso significa pasar todo el d\u00eda con nuestro equipo en la oficina; respondemos a todas sus preguntas en cada etapa; y somos diligentes con las visitas de seguimiento.<\/p>\n\n\n\n<h5 class=\"has-tertiary-color has-text-color wp-block-heading\">Remitimos a los proveedores&nbsp;<\/h5>\n\n\n\n<p>Como equipo de ocularistas bien establecido con un excelente nivel de confianza de nuestra comunidad, pacientes anteriores y nuevos clientes, estamos en la posici\u00f3n perfecta para hacer referencias de calidad a todo tipo de proveedores:<\/p>\n\n\n\n<ul class=\"wp-block-list\">\n<li>Cirujanos oculopl\u00e1sticos<\/li>\n\n\n\n<li>Onc\u00f3logos oculares<\/li>\n\n\n\n<li>Especialistas en retina<\/li>\n\n\n\n<li>Especialistas en c\u00f3rnea<\/li>\n\n\n\n<li>Optometristas<\/li>\n\n\n\n<li>Oftalm\u00f3logos<\/li>\n\n\n\n<li>Oftalm\u00f3logos pedi\u00e1tricos<\/li>\n\n\n\n<li>Proveedores de la Administraci\u00f3n de Veteranos<\/li>\n\n\n\n<li>Especialistas en glaucoma<\/li>\n\n\n\n<li>M\u00e9dicos de familia<\/li>\n\n\n\n<li>\u00d3pticos<\/li>\n<\/ul>\n\n\n\n<p>Tenemos relaciones con proveedores en pr\u00e1cticas independientes, sistemas de salud universitarios, centros de Administraci\u00f3n de Veteranos, pr\u00e1cticas de franquicias y m\u00e1s. Muchos de los pacientes que tratamos tienen preguntas sobre la cirug\u00eda pl\u00e1stica y somos firmes defensores de esas opciones. Nuestra aprobaci\u00f3n y orientaci\u00f3n le dan al paciente curioso m\u00e1s est\u00edmulo para explorar esas posibilidades, y nos encanta orientarlos en una buena direcci\u00f3n.&nbsp;<\/p>\n\n\n\n<h2 class=\"wp-block-heading\"><strong>C\u00f3mo nos gustar\u00eda ayudarlo hoy<\/strong><\/h2>\n\n\n\n<p>Hay varias cosas que le invitamos a usted y a su equipo a aprovechar hoy, \u00a1y estas son ofertas permanentes!<\/p>\n\n\n\n<h5 class=\"has-tertiary-color has-text-color wp-block-heading\">Ven a visitar nuestra oficina. <\/h5>\n\n\n\n<p>Nos encanta recibir cirujanos, t\u00e9cnicos y otros para el desarrollo profesional o una muestra de la \u00faltima tecnolog\u00eda y opciones para los pacientes. Incluso los proveedores veteranos se sorprenden al descubrir la variedad de lo que es posible con las pr\u00f3tesis personalizadas de hoy.&nbsp;<\/p>\n\n\n\n<h5 class=\"has-tertiary-color has-text-color wp-block-heading\">Programe una llamada o una videoconferencia con nuestro personal. <\/h5>\n\n\n\n<p>Podemos discutir los detalles de una referencia que le gustar\u00eda hacer, responder preguntas m\u00e1s generales sobre todo lo que brindamos en Carolina Eye Prosthetics, o simplemente conocernos y comenzar a ver si somos un buen socio de referencia.<\/p>\n\n\n\n<h5 class=\"has-tertiary-color has-text-color wp-block-heading\">Perm\u00edtanos enviarle algunos folletos. <\/h5>\n\n\n\n<p>A la mayor\u00eda de nuestros socios proveedores les encanta tener a mano algunos de nuestros folletos impresos para dejarlos con sus pacientes. Puede ver o descargar una versi\u00f3n digital de nuestro folleto <a href=\"https:\/\/www.carolinaeyeprosthetics.com\/es\/e-book-download\/\" target=\"_blank\" rel=\"noreferrer noopener\">aqu\u00ed<\/a>, pero tambi\u00e9n nos complace enviarle algunas versiones impresas.<\/p>\n\n\n\n<p>Esperamos conectarnos contigo pronto. Ll\u00e1manos al 877-763-9393 o <a href=\"https:\/\/www.carolinaeyeprosthetics.com\/es\/contact-us\/\">env\u00edanos una nota<\/a> hoy dia.<\/p>","protected":false},"excerpt":{"rendered":"<p>Even the most exceptional surgical work and experience can turn sour for a patient with a terrible ocularist experience. Ideally, the ocularist team you send your patients to will complement [&hellip;]<\/p>\n","protected":false},"author":1,"featured_media":0,"parent":0,"menu_order":0,"comment_status":"closed","ping_status":"closed","template":"","meta":{"_relevanssi_hide_post":"","_relevanssi_hide_content":"","_relevanssi_pin_for_all":"","_relevanssi_pin_keywords":"","_relevanssi_unpin_keywords":"","_relevanssi_related_keywords":"","_relevanssi_related_include_ids":"","_relevanssi_related_exclude_ids":"","_relevanssi_related_no_append":"","_relevanssi_related_not_related":"","_relevanssi_related_posts":"72,207,213,677,942,1121","_relevanssi_noindex_reason":"","_kad_blocks_custom_css":"","_kad_blocks_head_custom_js":"","_kad_blocks_body_custom_js":"","_kad_blocks_footer_custom_js":"","footnotes":""},"class_list":["post-64842","page","type-page","status-publish","hentry"],"featured_image_urls_v2":{"full":"","thumbnail":"","medium":"","medium_large":"","large":"","1536x1536":"","2048x2048":"","trp-custom-language-flag":"","post-thumbnail":"","banner":"","banner-home":"","landscape-thumb":"","landscape-medium":"","landscape-large":"","gform-image-choice-sm":"","gform-image-choice-md":"","gform-image-choice-lg":""},"post_excerpt_stackable_v2":"<p>Even the most exceptional surgical work and experience can turn sour for a patient with a terrible ocularist experience. Ideally, the ocularist team you send your patients to will complement and enhance all the delicate, hard work you\u2019ve already done. Perhaps you\u2019ve found that a strong continuity of care has been more of the exception instead of the standard. That\u2019s what we\u2019ve heard from many of the providers who eventually found a healthy, mutually beneficial connection with our team at Carolina Eye Prosthetics.&nbsp; We understand the reasons why it\u2019s not easy to build a network of trusted ocularists for referrals,&hellip;<\/p>\n","category_list_v2":"","author_info_v2":{"name":"tsl","url":"https:\/\/www.carolinaeyeprosthetics.com\/es\/author\/tsl\/"},"comments_num_v2":"0 comments","yoast_head":"<!-- This site is optimized with the Yoast SEO plugin v27.4 - https:\/\/yoast.com\/product\/yoast-seo-wordpress\/ -->\n<title>Reciprocal Provider Referral Partnerships | Carolina Eye Prosthetics<\/title>\n<meta name=\"description\" content=\"Our patient-centric team makes your work as a surgeon or specialist provider look even better with remarkable prostheses and dependable, two-way referrals.\" \/>\n<meta name=\"robots\" content=\"index, follow, max-snippet:-1, max-image-preview:large, max-video-preview:-1\" \/>\n<link rel=\"canonical\" href=\"https:\/\/www.carolinaeyeprosthetics.com\/es\/providers\/\" \/>\n<meta property=\"og:locale\" content=\"es_MX\" \/>\n<meta property=\"og:type\" content=\"article\" \/>\n<meta property=\"og:title\" content=\"Reciprocal Provider Referral Partnerships | Carolina Eye Prosthetics\" \/>\n<meta property=\"og:description\" content=\"Our patient-centric team makes your work as a surgeon or specialist provider look even better with remarkable prostheses and dependable, two-way referrals.\" \/>\n<meta property=\"og:url\" content=\"https:\/\/www.carolinaeyeprosthetics.com\/es\/providers\/\" \/>\n<meta property=\"og:site_name\" content=\"Carolina Eye Prosthetics\" \/>\n<meta property=\"article:modified_time\" content=\"2023-04-05T22:07:53+00:00\" \/>\n<meta name=\"twitter:card\" content=\"summary_large_image\" \/>\n<meta name=\"twitter:label1\" content=\"Tiempo de lectura\" \/>\n\t<meta name=\"twitter:data1\" content=\"4 minutos\" \/>\n<script type=\"application\/ld+json\" class=\"yoast-schema-graph\">{\"@context\":\"https:\\\/\\\/schema.org\",\"@graph\":[{\"@type\":\"WebPage\",\"@id\":\"https:\\\/\\\/www.carolinaeyeprosthetics.com\\\/providers\\\/\",\"url\":\"https:\\\/\\\/www.carolinaeyeprosthetics.com\\\/providers\\\/\",\"name\":\"Reciprocal Provider Referral Partnerships | Carolina Eye Prosthetics\",\"isPartOf\":{\"@id\":\"https:\\\/\\\/www.carolinaeyeprosthetics.com\\\/#website\"},\"datePublished\":\"2021-01-19T16:22:02+00:00\",\"dateModified\":\"2023-04-05T22:07:53+00:00\",\"description\":\"Our patient-centric team makes your work as a surgeon or specialist provider look even better with remarkable prostheses and dependable, two-way referrals.\",\"breadcrumb\":{\"@id\":\"https:\\\/\\\/www.carolinaeyeprosthetics.com\\\/providers\\\/#breadcrumb\"},\"inLanguage\":\"es\",\"potentialAction\":[{\"@type\":\"ReadAction\",\"target\":[\"https:\\\/\\\/www.carolinaeyeprosthetics.com\\\/providers\\\/\"]}]},{\"@type\":\"BreadcrumbList\",\"@id\":\"https:\\\/\\\/www.carolinaeyeprosthetics.com\\\/providers\\\/#breadcrumb\",\"itemListElement\":[{\"@type\":\"ListItem\",\"position\":1,\"name\":\"Home\",\"item\":\"https:\\\/\\\/www.carolinaeyeprosthetics.com\\\/\"},{\"@type\":\"ListItem\",\"position\":2,\"name\":\"Provider Referral Partnerships\"}]},{\"@type\":\"WebSite\",\"@id\":\"https:\\\/\\\/www.carolinaeyeprosthetics.com\\\/#website\",\"url\":\"https:\\\/\\\/www.carolinaeyeprosthetics.com\\\/\",\"name\":\"Carolina Eye Prosthetics\",\"description\":\"\",\"potentialAction\":[{\"@type\":\"SearchAction\",\"target\":{\"@type\":\"EntryPoint\",\"urlTemplate\":\"https:\\\/\\\/www.carolinaeyeprosthetics.com\\\/?s={search_term_string}\"},\"query-input\":{\"@type\":\"PropertyValueSpecification\",\"valueRequired\":true,\"valueName\":\"search_term_string\"}}],\"inLanguage\":\"es\"}]}<\/script>\n<!-- \/ Yoast SEO plugin. -->","yoast_head_json":{"title":"Asociaciones rec\u00edprocas de referencia de proveedores | Pr\u00f3tesis de ojos de Carolina","description":"Nuestro equipo centrado en el paciente hace que su trabajo como cirujano o proveedor especializado se vea a\u00fan mejor con pr\u00f3tesis extraordinarias y referencias confiables de dos v\u00edas.","robots":{"index":"index","follow":"follow","max-snippet":"max-snippet:-1","max-image-preview":"max-image-preview:large","max-video-preview":"max-video-preview:-1"},"canonical":"https:\/\/www.carolinaeyeprosthetics.com\/es\/providers\/","og_locale":"es_MX","og_type":"article","og_title":"Reciprocal Provider Referral Partnerships | Carolina Eye Prosthetics","og_description":"Our patient-centric team makes your work as a surgeon or specialist provider look even better with remarkable prostheses and dependable, two-way referrals.","og_url":"https:\/\/www.carolinaeyeprosthetics.com\/es\/providers\/","og_site_name":"Carolina Eye Prosthetics","article_modified_time":"2023-04-05T22:07:53+00:00","twitter_card":"summary_large_image","twitter_misc":{"Tiempo de lectura":"4 minutos"},"schema":{"@context":"https:\/\/schema.org","@graph":[{"@type":"WebPage","@id":"https:\/\/www.carolinaeyeprosthetics.com\/providers\/","url":"https:\/\/www.carolinaeyeprosthetics.com\/providers\/","name":"Asociaciones rec\u00edprocas de referencia de proveedores | Pr\u00f3tesis de ojos de Carolina","isPartOf":{"@id":"https:\/\/www.carolinaeyeprosthetics.com\/#website"},"datePublished":"2021-01-19T16:22:02+00:00","dateModified":"2023-04-05T22:07:53+00:00","description":"Nuestro equipo centrado en el paciente hace que su trabajo como cirujano o proveedor especializado se vea a\u00fan mejor con pr\u00f3tesis extraordinarias y referencias confiables de dos v\u00edas.","breadcrumb":{"@id":"https:\/\/www.carolinaeyeprosthetics.com\/providers\/#breadcrumb"},"inLanguage":"es","potentialAction":[{"@type":"ReadAction","target":["https:\/\/www.carolinaeyeprosthetics.com\/providers\/"]}]},{"@type":"BreadcrumbList","@id":"https:\/\/www.carolinaeyeprosthetics.com\/providers\/#breadcrumb","itemListElement":[{"@type":"ListItem","position":1,"name":"Home","item":"https:\/\/www.carolinaeyeprosthetics.com\/"},{"@type":"ListItem","position":2,"name":"Provider Referral Partnerships"}]},{"@type":"WebSite","@id":"https:\/\/www.carolinaeyeprosthetics.com\/#website","url":"https:\/\/www.carolinaeyeprosthetics.com\/","name":"Pr\u00f3tesis de ojos de Carolina","description":"","potentialAction":[{"@type":"SearchAction","target":{"@type":"EntryPoint","urlTemplate":"https:\/\/www.carolinaeyeprosthetics.com\/?s={search_term_string}"},"query-input":{"@type":"PropertyValueSpecification","valueRequired":true,"valueName":"search_term_string"}}],"inLanguage":"es"}]}},"taxonomy_info":[],"featured_image_src_large":false,"author_info":{"display_name":"tsl","author_link":"https:\/\/www.carolinaeyeprosthetics.com\/es\/author\/tsl\/"},"comment_info":0,"_links":{"self":[{"href":"https:\/\/www.carolinaeyeprosthetics.com\/es\/wp-json\/wp\/v2\/pages\/64842","targetHints":{"allow":["GET"]}}],"collection":[{"href":"https:\/\/www.carolinaeyeprosthetics.com\/es\/wp-json\/wp\/v2\/pages"}],"about":[{"href":"https:\/\/www.carolinaeyeprosthetics.com\/es\/wp-json\/wp\/v2\/types\/page"}],"author":[{"embeddable":true,"href":"https:\/\/www.carolinaeyeprosthetics.com\/es\/wp-json\/wp\/v2\/users\/1"}],"replies":[{"embeddable":true,"href":"https:\/\/www.carolinaeyeprosthetics.com\/es\/wp-json\/wp\/v2\/comments?post=64842"}],"version-history":[{"count":0,"href":"https:\/\/www.carolinaeyeprosthetics.com\/es\/wp-json\/wp\/v2\/pages\/64842\/revisions"}],"wp:attachment":[{"href":"https:\/\/www.carolinaeyeprosthetics.com\/es\/wp-json\/wp\/v2\/media?parent=64842"}],"curies":[{"name":"gracias","href":"https:\/\/api.w.org\/{rel}","templated":true}]}}