{"id":64847,"date":"2021-01-19T11:22:59","date_gmt":"2021-01-19T16:22:59","guid":{"rendered":"https:\/\/www.carolinaeyeprosthetics.com\/?page_id=64847"},"modified":"2022-08-02T15:47:24","modified_gmt":"2022-08-02T19:47:24","slug":"recommended-products","status":"publish","type":"page","link":"https:\/\/www.carolinaeyeprosthetics.com\/es\/recommended-products\/","title":{"rendered":"Productos Recomendados"},"content":{"rendered":"<p><em>Mantenga sus ojos artificiales o caparazones esclerales corneales en las mejores condiciones<\/em>.<\/p>\n\n\n\n<p>Una pr\u00f3tesis ocular personalizada que <em>se siente como t\u00fa<\/em>, necesita cuidado y mantenimiento como el resto de su cuerpo. A veces, un ojo artificial o un caparaz\u00f3n escleral corneal pueden sentirse secos, con picaz\u00f3n y pueden causar irritaci\u00f3n.<\/p>\n\n\n\n<p>Las part\u00edculas de polvo y el aire seco tambi\u00e9n pueden da\u00f1ar su ojo personalizado. Los lubricantes pueden ser \u00fatiles para mantener la humedad, al mismo tiempo que evitan los elementos externos que pueden afectar su ojo artificial.<\/p>\n\n\n\n<div class=\"wp-block-stackable-text stk-block-text stk-block stk-efb12cf\" data-block-id=\"efb12cf\"><p class=\"stk-block-text__text\">Disponemos de los siguientes productos para el cuidado de sus ojos prot\u00e9sicos:<\/p><\/div>\n\n\n\n<div class=\"wp-block-stackable-heading stk-block-heading stk-block stk-c578f92\" id=\"sil-ophtho\" data-block-id=\"c578f92\"><h2 class=\"stk-block-heading__text\">Sil-Ophtho<\/h2><\/div>\n\n\n\n<p>Un lubricante de silicona de grado m\u00e9dico hecho especialmente para pr\u00f3tesis oculares. Viene en viscosidad pesada y media, dependiendo de lo que recomiende su ocularista.<\/p>\n\n\n\n<p>Sil-Ophtho tambi\u00e9n es hipoalerg\u00e9nico y de larga duraci\u00f3n, lo que le ayuda a usar sus ojos artificiales c\u00f3modamente.<\/p>\n\n\n\n<div class=\"wp-block-stackable-heading stk-block-heading stk-block stk-8152654\" id=\"all-natural-lubricant\" data-block-id=\"8152654\"><h2 class=\"stk-block-heading__text\">Lubricante totalmente natural<\/h2><\/div>\n\n\n\n<p>Si no prefiere un lubricante a base de silicona, tenemos un lubricante totalmente natural extra\u00eddo de plantas.<\/p>\n\n\n\n<p>Nuestro lubricante natural est\u00e1 elaborado a base de aceite vegetal y aloe vera. La vitamina E tambi\u00e9n es un ingrediente adicional que mantiene la piel alrededor de los ojos saludable e hidratada.<\/p>\n\n\n\n<div class=\"wp-block-stackable-text stk-block-text stk-block stk-b4b945b\" data-block-id=\"b4b945b\"><p class=\"stk-block-text__text\"><\/p><\/div>\n\n\n\n<div class=\"wp-block-stackable-heading stk-block-heading stk-block stk-3eb4875\" id=\"gen-teal-lubricant-eye-gel\" data-block-id=\"3eb4875\"><h2 class=\"stk-block-heading__text\">Gel lubricante para ojos GenTeal<\/h2><\/div>\n\n\n\n<p>Cuando las cubiertas esclerales de la c\u00f3rnea se exponen al viento y al sol, tambi\u00e9n pueden causar sequedad, picaz\u00f3n o dolor. El gel lubricante para ojos GenTeal ayuda a recuperar la humedad en las capas esclerales.&nbsp;<\/p>\n\n\n\n<p>GenTeal tambi\u00e9n es seguro de usar por la noche, cuando se siente inc\u00f3modo y desea un alivio duradero. Se recomienda para pacientes que son propensos a la sequedad ocular o que viven en \u00e1reas menos h\u00famedas.<\/p>\n\n\n\n<div class=\"wp-block-stackable-heading stk-block-heading stk-block stk-81a8441\" id=\"zaditor\" data-block-id=\"81a8441\"><h2 class=\"stk-block-heading__text\">Zaditor<\/h2><\/div>\n\n\n\n<p>Las alergias tambi\u00e9n pueden ser un problema cuando tienes la piel sensible o cuando te entran elementos como el polen en los ojos. Recomendamos Zaditor para la picaz\u00f3n en los ojos provocada por alergias.&nbsp;<\/p>\n\n\n\n<p>Zaditor es un colirio antihistam\u00ednico que puede aliviar el picor de ojos causado por alergias. Puede experimentar alivio por hasta 12 horas con su f\u00f3rmula de prescripci\u00f3n m\u00e9dica.<\/p>\n\n\n\n<div class=\"wp-block-stackable-heading stk-block-heading stk-block stk-8f2787a\" id=\"polishing-and-cleaning-services\" data-block-id=\"8f2787a\"><h2 class=\"stk-block-heading__text\">Servicios de limpieza y pulido<\/h2><\/div>\n\n\n\n<p>En Carolina Eye Prosthetics, tambi\u00e9n ofrecemos <a href=\"https:\/\/www.carolinaeyeprosthetics.com\/es\/polishes-cleanings\/\"><strong>servicios de pulido y limpieza<\/strong><\/a> para su ojo artificial personalizado o conchas esclerales. Contamos con nuestros servicios de cuidado de pr\u00f3tesis oculares, entre ellos:<\/p>\n\n\n\n<ul class=\"wp-block-list\"><li>Pulido y limpieza regular de su pr\u00f3tesis ocular cada seis meses<\/li><li>Comprobaci\u00f3n de la salud de la cuenca del ojo<\/li><li>Instrucciones sobre c\u00f3mo insertar y retirar correctamente la pr\u00f3tesis ocular<\/li><li>Recomendaciones si experimenta sequedad, picaz\u00f3n o irritaci\u00f3n<\/li><li>Consejos si necesita un reemplazo para su ojo artificial pintado a mano o capa escleral<\/li><\/ul>\n\n\n\n<p>Usted merece el mejor tipo de atenci\u00f3n, \u00a1y queremos estar all\u00ed cuando lo necesite!<\/p>\n\n\n\n<div class=\"wp-block-stackable-heading stk-block-heading stk-block stk-93b62e0\" id=\"vip-program\" data-block-id=\"93b62e0\"><h2 class=\"stk-block-heading__text\">Programa VIP<\/h2><\/div>\n\n\n\n<div class=\"wp-block-stackable-text stk-block-text stk-block stk-592247e\" data-block-id=\"592247e\"><p class=\"stk-block-text__text\">\u00bfQuiere sacar m\u00e1s provecho de su inversi\u00f3n en pr\u00f3tesis oculares? <a href=\"https:\/\/www.carolinaeyeprosthetics.com\/es\/vip-program\/\"><strong>Explora nuestro programa VIP<\/strong><\/a>y obtenga ventajas cuando necesite pulir, limpiar o reemplazar su pr\u00f3tesis ocular.<\/p><\/div>\n\n\n\n<h2 class=\"wp-block-heading\">\u00bfPreguntas?<\/h2>\n\n\n\n<p>Si tiene alguna pregunta sobre nuestros productos disponibles, o si desea hablar con alguien sobre c\u00f3mo realizar una compra, llame a nuestra oficina al <strong>(336) 228-7877.<\/strong><\/p>","protected":false},"excerpt":{"rendered":"<p>Keep your artificial eyes or corneal scleral shells in top condition. A custom eye prosthesis that feels like you, needs care and upkeep like the rest of your body. At [&hellip;]<\/p>\n","protected":false},"author":1,"featured_media":0,"parent":0,"menu_order":0,"comment_status":"closed","ping_status":"closed","template":"","meta":{"_relevanssi_hide_post":"","_relevanssi_hide_content":"","_relevanssi_pin_for_all":"","_relevanssi_pin_keywords":"","_relevanssi_unpin_keywords":"","_relevanssi_related_keywords":"","_relevanssi_related_include_ids":"","_relevanssi_related_exclude_ids":"","_relevanssi_related_no_append":"","_relevanssi_related_not_related":"","_relevanssi_related_posts":"72,207,213,677,942,1121","_relevanssi_noindex_reason":"","_kad_blocks_custom_css":"","_kad_blocks_head_custom_js":"","_kad_blocks_body_custom_js":"","_kad_blocks_footer_custom_js":"","footnotes":""},"class_list":["post-64847","page","type-page","status-publish","hentry"],"featured_image_urls_v2":{"full":"","thumbnail":"","medium":"","medium_large":"","large":"","1536x1536":"","2048x2048":"","trp-custom-language-flag":"","post-thumbnail":"","banner":"","banner-home":"","landscape-thumb":"","landscape-medium":"","landscape-large":"","gform-image-choice-sm":"","gform-image-choice-md":"","gform-image-choice-lg":""},"post_excerpt_stackable_v2":"<p>Keep your artificial eyes or corneal scleral shells in top condition. A custom eye prosthesis that feels like you, needs care and upkeep like the rest of your body. At times, an artificial eye or corneal scleral shell can feel dry, itchy, and can cause irritation. Dust particles and dry air can also damage your custom eye. Lubricants can be helpful to keep moisture in, while warding off outside elements that can affect your artificial eye. We have the following products available to care for your prosthetic eyes: Sil-Ophtho A medical grade silicone lubricant made especially for eye prosthesis. It&hellip;<\/p>\n","category_list_v2":"","author_info_v2":{"name":"tsl","url":"https:\/\/www.carolinaeyeprosthetics.com\/es\/author\/tsl\/"},"comments_num_v2":"0 comments","yoast_head":"<!-- This site is optimized with the Yoast SEO plugin v27.4 - https:\/\/yoast.com\/product\/yoast-seo-wordpress\/ -->\n<title>Recommended Products for Artificial Eyes | Carolina Eye Prosthetics<\/title>\n<meta name=\"description\" content=\"Keep your artificial eyes in top shape with the right kind of care. Take a look at our recommended products for eye prostheses and corneal scleral shells available at Carolina Eye Prosthetics.\" \/>\n<meta name=\"robots\" content=\"index, follow, max-snippet:-1, max-image-preview:large, max-video-preview:-1\" \/>\n<link rel=\"canonical\" href=\"https:\/\/www.carolinaeyeprosthetics.com\/es\/recommended-products\/\" \/>\n<meta property=\"og:locale\" content=\"es_MX\" \/>\n<meta property=\"og:type\" content=\"article\" \/>\n<meta property=\"og:title\" content=\"Recommended Products for Artificial Eyes | Carolina Eye Prosthetics\" \/>\n<meta property=\"og:description\" content=\"Keep your artificial eyes in top shape with the right kind of care. Take a look at our recommended products for eye prostheses and corneal scleral shells available at Carolina Eye Prosthetics.\" \/>\n<meta property=\"og:url\" content=\"https:\/\/www.carolinaeyeprosthetics.com\/es\/recommended-products\/\" \/>\n<meta property=\"og:site_name\" content=\"Carolina Eye Prosthetics\" \/>\n<meta property=\"article:modified_time\" content=\"2022-08-02T19:47:24+00:00\" \/>\n<meta name=\"twitter:card\" content=\"summary_large_image\" \/>\n<meta name=\"twitter:label1\" content=\"Tiempo de lectura\" \/>\n\t<meta name=\"twitter:data1\" content=\"1 minuto\" \/>\n<script type=\"application\/ld+json\" class=\"yoast-schema-graph\">{\"@context\":\"https:\\\/\\\/schema.org\",\"@graph\":[{\"@type\":\"WebPage\",\"@id\":\"https:\\\/\\\/www.carolinaeyeprosthetics.com\\\/recommended-products\\\/\",\"url\":\"https:\\\/\\\/www.carolinaeyeprosthetics.com\\\/recommended-products\\\/\",\"name\":\"Recommended Products for Artificial Eyes | Carolina Eye Prosthetics\",\"isPartOf\":{\"@id\":\"https:\\\/\\\/www.carolinaeyeprosthetics.com\\\/#website\"},\"datePublished\":\"2021-01-19T16:22:59+00:00\",\"dateModified\":\"2022-08-02T19:47:24+00:00\",\"description\":\"Keep your artificial eyes in top shape with the right kind of care. Take a look at our recommended products for eye prostheses and corneal scleral shells available at Carolina Eye Prosthetics.\",\"breadcrumb\":{\"@id\":\"https:\\\/\\\/www.carolinaeyeprosthetics.com\\\/recommended-products\\\/#breadcrumb\"},\"inLanguage\":\"es\",\"potentialAction\":[{\"@type\":\"ReadAction\",\"target\":[\"https:\\\/\\\/www.carolinaeyeprosthetics.com\\\/recommended-products\\\/\"]}]},{\"@type\":\"BreadcrumbList\",\"@id\":\"https:\\\/\\\/www.carolinaeyeprosthetics.com\\\/recommended-products\\\/#breadcrumb\",\"itemListElement\":[{\"@type\":\"ListItem\",\"position\":1,\"name\":\"Home\",\"item\":\"https:\\\/\\\/www.carolinaeyeprosthetics.com\\\/\"},{\"@type\":\"ListItem\",\"position\":2,\"name\":\"Recommended Products\"}]},{\"@type\":\"WebSite\",\"@id\":\"https:\\\/\\\/www.carolinaeyeprosthetics.com\\\/#website\",\"url\":\"https:\\\/\\\/www.carolinaeyeprosthetics.com\\\/\",\"name\":\"Carolina Eye Prosthetics\",\"description\":\"\",\"potentialAction\":[{\"@type\":\"SearchAction\",\"target\":{\"@type\":\"EntryPoint\",\"urlTemplate\":\"https:\\\/\\\/www.carolinaeyeprosthetics.com\\\/?s={search_term_string}\"},\"query-input\":{\"@type\":\"PropertyValueSpecification\",\"valueRequired\":true,\"valueName\":\"search_term_string\"}}],\"inLanguage\":\"es\"}]}<\/script>\n<!-- \/ Yoast SEO plugin. -->","yoast_head_json":{"title":"Productos Recomendados para Ojos Artificiales | Pr\u00f3tesis ocular Carolina","description":"Mantenga sus ojos artificiales en plena forma con el cuidado adecuado. Eche un vistazo a nuestros productos recomendados para pr\u00f3tesis oculares y cubiertas esclerales corneales disponibles en Carolina Eye Prosthetics.","robots":{"index":"index","follow":"follow","max-snippet":"max-snippet:-1","max-image-preview":"max-image-preview:large","max-video-preview":"max-video-preview:-1"},"canonical":"https:\/\/www.carolinaeyeprosthetics.com\/es\/recommended-products\/","og_locale":"es_MX","og_type":"article","og_title":"Recommended Products for Artificial Eyes | Carolina Eye Prosthetics","og_description":"Keep your artificial eyes in top shape with the right kind of care. Take a look at our recommended products for eye prostheses and corneal scleral shells available at Carolina Eye Prosthetics.","og_url":"https:\/\/www.carolinaeyeprosthetics.com\/es\/recommended-products\/","og_site_name":"Carolina Eye Prosthetics","article_modified_time":"2022-08-02T19:47:24+00:00","twitter_card":"summary_large_image","twitter_misc":{"Tiempo de lectura":"1 minuto"},"schema":{"@context":"https:\/\/schema.org","@graph":[{"@type":"WebPage","@id":"https:\/\/www.carolinaeyeprosthetics.com\/recommended-products\/","url":"https:\/\/www.carolinaeyeprosthetics.com\/recommended-products\/","name":"Productos Recomendados para Ojos Artificiales | Pr\u00f3tesis ocular Carolina","isPartOf":{"@id":"https:\/\/www.carolinaeyeprosthetics.com\/#website"},"datePublished":"2021-01-19T16:22:59+00:00","dateModified":"2022-08-02T19:47:24+00:00","description":"Mantenga sus ojos artificiales en plena forma con el cuidado adecuado. Eche un vistazo a nuestros productos recomendados para pr\u00f3tesis oculares y cubiertas esclerales corneales disponibles en Carolina Eye Prosthetics.","breadcrumb":{"@id":"https:\/\/www.carolinaeyeprosthetics.com\/recommended-products\/#breadcrumb"},"inLanguage":"es","potentialAction":[{"@type":"ReadAction","target":["https:\/\/www.carolinaeyeprosthetics.com\/recommended-products\/"]}]},{"@type":"BreadcrumbList","@id":"https:\/\/www.carolinaeyeprosthetics.com\/recommended-products\/#breadcrumb","itemListElement":[{"@type":"ListItem","position":1,"name":"Home","item":"https:\/\/www.carolinaeyeprosthetics.com\/"},{"@type":"ListItem","position":2,"name":"Recommended Products"}]},{"@type":"WebSite","@id":"https:\/\/www.carolinaeyeprosthetics.com\/#website","url":"https:\/\/www.carolinaeyeprosthetics.com\/","name":"Pr\u00f3tesis de ojos de Carolina","description":"","potentialAction":[{"@type":"SearchAction","target":{"@type":"EntryPoint","urlTemplate":"https:\/\/www.carolinaeyeprosthetics.com\/?s={search_term_string}"},"query-input":{"@type":"PropertyValueSpecification","valueRequired":true,"valueName":"search_term_string"}}],"inLanguage":"es"}]}},"taxonomy_info":[],"featured_image_src_large":false,"author_info":{"display_name":"tsl","author_link":"https:\/\/www.carolinaeyeprosthetics.com\/es\/author\/tsl\/"},"comment_info":0,"_links":{"self":[{"href":"https:\/\/www.carolinaeyeprosthetics.com\/es\/wp-json\/wp\/v2\/pages\/64847","targetHints":{"allow":["GET"]}}],"collection":[{"href":"https:\/\/www.carolinaeyeprosthetics.com\/es\/wp-json\/wp\/v2\/pages"}],"about":[{"href":"https:\/\/www.carolinaeyeprosthetics.com\/es\/wp-json\/wp\/v2\/types\/page"}],"author":[{"embeddable":true,"href":"https:\/\/www.carolinaeyeprosthetics.com\/es\/wp-json\/wp\/v2\/users\/1"}],"replies":[{"embeddable":true,"href":"https:\/\/www.carolinaeyeprosthetics.com\/es\/wp-json\/wp\/v2\/comments?post=64847"}],"version-history":[{"count":0,"href":"https:\/\/www.carolinaeyeprosthetics.com\/es\/wp-json\/wp\/v2\/pages\/64847\/revisions"}],"wp:attachment":[{"href":"https:\/\/www.carolinaeyeprosthetics.com\/es\/wp-json\/wp\/v2\/media?parent=64847"}],"curies":[{"name":"gracias","href":"https:\/\/api.w.org\/{rel}","templated":true}]}}