{"id":64872,"date":"2021-01-19T11:37:44","date_gmt":"2021-01-19T16:37:44","guid":{"rendered":"https:\/\/www.carolinaeyeprosthetics.com\/?page_id=64872"},"modified":"2024-12-05T08:52:20","modified_gmt":"2024-12-05T13:52:20","slug":"privacy-policy","status":"publish","type":"page","link":"https:\/\/www.carolinaeyeprosthetics.com\/es\/privacy-policy\/","title":{"rendered":"Pol\u00edtica de privacidad"},"content":{"rendered":"<p>Esta Pol\u00edtica de privacidad rige la manera en que Carolina Eye Prosthetics recopila, usa, mantiene y divulga la informaci\u00f3n recopilada de los usuarios (cada uno, un &quot;Usuario&quot;) del&nbsp;<a href=\"https:\/\/www.carolinaeyeprosthetics.com\/es\/\">https:\/\/carolinaeyeprosthetics.com\/<\/a>&nbsp;sitio web (&quot;Sitio&quot;). Esta pol\u00edtica de privacidad se aplica al Sitio y a todos los productos y servicios ofrecidos por Carolina Eye Prosthetics.<\/p>\n\n\n\n<h3 class=\"wp-block-heading\"><strong>Informaci\u00f3n de identificaci\u00f3n personal<\/strong><\/h3>\n\n\n\n<p>Podemos recopilar informaci\u00f3n de identificaci\u00f3n personal de los Usuarios de diversas formas, que incluyen, entre otras, cuando los Usuarios visitan nuestro sitio, completan un formulario y en relaci\u00f3n con otras actividades, servicios, caracter\u00edsticas o recursos que ponemos a disposici\u00f3n en nuestro Sitio. . A los usuarios se les puede solicitar, seg\u00fan corresponda, nombre, direcci\u00f3n de correo electr\u00f3nico, direcci\u00f3n postal, n\u00famero de tel\u00e9fono, informaci\u00f3n de la tarjeta de cr\u00e9dito, n\u00famero de seguro social. Recopilaremos informaci\u00f3n de identificaci\u00f3n personal de los Usuarios solo si nos env\u00edan voluntariamente dicha informaci\u00f3n. Los usuarios siempre pueden negarse a proporcionar informaci\u00f3n de identificaci\u00f3n personal, excepto que puede evitar que participen en ciertas actividades relacionadas con el Sitio.<\/p>\n\n\n\n<h3 class=\"wp-block-heading\"><strong>Informaci\u00f3n de identificaci\u00f3n no personal<\/strong><\/h3>\n\n\n\n<p>Podemos recopilar informaci\u00f3n de identificaci\u00f3n no personal sobre los usuarios cada vez que interact\u00faan con nuestro sitio. La informaci\u00f3n de identificaci\u00f3n no personal puede incluir el nombre del navegador, el tipo de computadora e informaci\u00f3n t\u00e9cnica sobre los medios de conexi\u00f3n de los Usuarios a nuestro Sitio, como el sistema operativo y los proveedores de servicios de Internet utilizados y otra informaci\u00f3n similar.<\/p>\n\n\n\n<h3 class=\"wp-block-heading\"><strong>Cookies del navegador web<\/strong><\/h3>\n\n\n\n<p>Nuestro sitio puede utilizar &quot;cookies&quot; para mejorar la experiencia del usuario. El navegador web del usuario coloca cookies en su disco duro para fines de mantenimiento de registros y, a veces, para rastrear informaci\u00f3n sobre ellos. Los usuarios pueden optar por configurar su navegador web para rechazar las cookies o para avisarle cuando se env\u00edan cookies. Si lo hacen, tenga en cuenta que es posible que algunas partes del Sitio no funcionen correctamente.<\/p>\n\n\n\n<h3 class=\"wp-block-heading\"><strong>C\u00f3mo utilizamos la informaci\u00f3n recopilada<\/strong><\/h3>\n\n\n\n<p>Carolina Eye Prosthetics puede recopilar y utilizar la informaci\u00f3n personal de los usuarios para los siguientes prop\u00f3sitos:<\/p>\n\n\n\n<ul class=\"wp-block-list\"><li>Para personalizar la experiencia del usuario<\/li><li>Podemos utilizar la informaci\u00f3n en conjunto para comprender c\u00f3mo nuestros Usuarios como grupo utilizan los servicios y recursos proporcionados en nuestro Sitio.<\/li><li>Para procesar pagos<\/li><li>Podemos utilizar la informaci\u00f3n que los Usuarios proporcionan sobre s\u00ed mismos al realizar un pedido solo para brindar servicio a ese pedido. No compartimos esta informaci\u00f3n con terceros, excepto en la medida necesaria para proporcionar el servicio.<\/li><li>Para enviar correos electr\u00f3nicos peri\u00f3dicos<\/li><li>Podemos utilizar la direcci\u00f3n de correo electr\u00f3nico para responder a sus consultas, preguntas y \/ u otras solicitudes.<\/li><\/ul>\n\n\n\n<h3 class=\"wp-block-heading\"><strong>C\u00f3mo protegemos su informaci\u00f3n<\/strong><\/h3>\n\n\n\n<p>Adoptamos pr\u00e1cticas adecuadas de recopilaci\u00f3n, almacenamiento y procesamiento de datos y medidas de seguridad para proteger contra el acceso no autorizado, la alteraci\u00f3n, la divulgaci\u00f3n o la destrucci\u00f3n de su informaci\u00f3n personal, nombre de usuario, contrase\u00f1a, informaci\u00f3n de transacciones y datos almacenados en nuestro Sitio.<\/p>\n\n\n\n<p>El intercambio de datos confidenciales y privados entre el Sitio y sus Usuarios ocurre a trav\u00e9s de un canal de comunicaci\u00f3n seguro SSL y est\u00e1 encriptado y protegido con firmas digitales.<\/p>\n\n\n\n<h3 class=\"wp-block-heading\"><strong>Compartiendo su informaci\u00f3n personal<\/strong><\/h3>\n\n\n\n<p>No vendemos, intercambiamos ni alquilamos la informaci\u00f3n de identificaci\u00f3n personal de los Usuarios a terceros. Podemos compartir informaci\u00f3n demogr\u00e1fica agregada gen\u00e9rica no vinculada a ninguna informaci\u00f3n de identificaci\u00f3n personal con respecto a visitantes y usuarios con nuestros socios comerciales, afiliados de confianza y anunciantes para los fines descritos anteriormente.<\/p>\n\n\n\n<h3 class=\"wp-block-heading\"><strong>Sitios web de terceros<\/strong><\/h3>\n\n\n\n<p>Los usuarios pueden encontrar publicidad u otro contenido en nuestro Sitio que se vincule a los sitios y servicios de nuestros socios, proveedores, anunciantes, patrocinadores, otorgantes de licencias y otros terceros. No controlamos el contenido o los enlaces que aparecen en estos sitios y no somos responsables de las pr\u00e1cticas empleadas por los sitios web vinculados hacia o desde nuestro Sitio. Adem\u00e1s, estos sitios o servicios, incluido su contenido y enlaces, pueden cambiar constantemente. Estos sitios y servicios pueden tener sus propias pol\u00edticas de privacidad y pol\u00edticas de servicio al cliente. La navegaci\u00f3n y la interacci\u00f3n en cualquier otro sitio web, incluidos los sitios web que tienen un enlace a nuestro Sitio, est\u00e1n sujetos a los propios t\u00e9rminos y pol\u00edticas de ese sitio web.<\/p>\n\n\n\n<h3 class=\"wp-block-heading\"><strong>Cambios a esta pol\u00edtica de privacidad<\/strong><\/h3>\n\n\n\n<p>Carolina Eye Prosthetics tiene la facultad de actualizar esta pol\u00edtica de privacidad en cualquier momento. Alentamos a los usuarios a que consulten con frecuencia esta p\u00e1gina en busca de cambios para mantenerse informados sobre c\u00f3mo estamos ayudando a proteger la informaci\u00f3n personal que recopilamos. Usted reconoce y acepta que es su responsabilidad revisar esta pol\u00edtica de privacidad peri\u00f3dicamente y conocer las modificaciones.<\/p>\n\n\n\n<h3 class=\"wp-block-heading\"><strong>Su aceptaci\u00f3n de estos t\u00e9rminos<\/strong><\/h3>\n\n\n\n<p>Al utilizar este sitio, usted manifiesta su aceptaci\u00f3n de esta pol\u00edtica. Si no est\u00e1 de acuerdo con esta pol\u00edtica, no utilice nuestro sitio. Su uso continuado del Sitio despu\u00e9s de la publicaci\u00f3n de cambios a esta pol\u00edtica se considerar\u00e1 como su aceptaci\u00f3n de dichos cambios.<\/p>\n\n\n\n<h3 class=\"wp-block-heading\"><strong>Contactando con nosotros<\/strong><\/h3>\n\n\n\n<p>Si tiene alguna pregunta sobre esta Pol\u00edtica de privacidad, las pr\u00e1cticas de este sitio o su trato con este sitio, comun\u00edquese con nosotros a:<\/p>\n\n\n\n<p>420 Maple Avenue<br>Burlington, NC 27215<br>336.228.7877<br><a href=\"https:\/\/www.carolinaeyeprosthetics.com\/es\/\">Pr\u00f3tesis de ojos de Carolina<\/a><\/p>","protected":false},"excerpt":{"rendered":"<p>This Privacy Policy governs the manner in which Carolina Eye Prosthetics collects, uses, maintains and discloses information collected from users (each, a \u201cUser\u201d) of the&nbsp;https:\/\/carolinaeyeprosthetics.com\/&nbsp;website (\u201cSite\u201d). This privacy policy applies [&hellip;]<\/p>\n","protected":false},"author":1,"featured_media":0,"parent":0,"menu_order":0,"comment_status":"closed","ping_status":"closed","template":"","meta":{"_relevanssi_hide_post":"","_relevanssi_hide_content":"","_relevanssi_pin_for_all":"","_relevanssi_pin_keywords":"","_relevanssi_unpin_keywords":"","_relevanssi_related_keywords":"","_relevanssi_related_include_ids":"","_relevanssi_related_exclude_ids":"","_relevanssi_related_no_append":"","_relevanssi_related_not_related":"","_relevanssi_related_posts":"72,207,213,677,942,1121","_relevanssi_noindex_reason":"","_kad_blocks_custom_css":"","_kad_blocks_head_custom_js":"","_kad_blocks_body_custom_js":"","_kad_blocks_footer_custom_js":"","footnotes":""},"class_list":["post-64872","page","type-page","status-publish","hentry"],"featured_image_urls_v2":{"full":"","thumbnail":"","medium":"","medium_large":"","large":"","1536x1536":"","2048x2048":"","trp-custom-language-flag":"","post-thumbnail":"","banner":"","banner-home":"","landscape-thumb":"","landscape-medium":"","landscape-large":"","gform-image-choice-sm":"","gform-image-choice-md":"","gform-image-choice-lg":""},"post_excerpt_stackable_v2":"<p>This Privacy Policy governs the manner in which Carolina Eye Prosthetics collects, uses, maintains and discloses information collected from users (each, a \u201cUser\u201d) of the&nbsp;https:\/\/carolinaeyeprosthetics.com\/&nbsp;website (\u201cSite\u201d). This privacy policy applies to the Site and all products and services offered by Carolina Eye Prosthetics. Personal identification information We may collect personal identification information from Users in a variety of ways, including, but not limited to, when Users visit our site, fill out a form, and in connection with other activities, services, features or resources we make available on our Site. Users may be asked for, as appropriate, name, email address, mailing&hellip;<\/p>\n","category_list_v2":"","author_info_v2":{"name":"tsl","url":"https:\/\/www.carolinaeyeprosthetics.com\/es\/author\/tsl\/"},"comments_num_v2":"0 comments","yoast_head":"<!-- This site is optimized with the Yoast SEO plugin v27.4 - https:\/\/yoast.com\/product\/yoast-seo-wordpress\/ -->\n<title>Privacy Policy - Carolina Eye Prosthetics<\/title>\n<meta name=\"description\" content=\"This Privacy Policy governs the manner in which Carolina Eye Prosthetics collects, uses, maintains and discloses information collected from users (each, a \u201cUser\u201d) of the\u00a0https:\/\/carolinaeyeprosthetics.com\/\u00a0website (\u201cSite\u201d).\" \/>\n<meta name=\"robots\" content=\"index, follow, max-snippet:-1, max-image-preview:large, max-video-preview:-1\" \/>\n<link rel=\"canonical\" href=\"https:\/\/www.carolinaeyeprosthetics.com\/es\/privacy-policy\/\" \/>\n<meta property=\"og:locale\" content=\"es_MX\" \/>\n<meta property=\"og:type\" content=\"article\" \/>\n<meta property=\"og:title\" content=\"Privacy Policy - Carolina Eye Prosthetics\" \/>\n<meta property=\"og:description\" content=\"This Privacy Policy governs the manner in which Carolina Eye Prosthetics collects, uses, maintains and discloses information collected from users (each, a \u201cUser\u201d) of the\u00a0https:\/\/carolinaeyeprosthetics.com\/\u00a0website (\u201cSite\u201d).\" \/>\n<meta property=\"og:url\" content=\"https:\/\/www.carolinaeyeprosthetics.com\/es\/privacy-policy\/\" \/>\n<meta property=\"og:site_name\" content=\"Carolina Eye Prosthetics\" \/>\n<meta property=\"article:modified_time\" content=\"2024-12-05T13:52:20+00:00\" \/>\n<meta name=\"twitter:card\" content=\"summary_large_image\" \/>\n<meta name=\"twitter:label1\" content=\"Tiempo de lectura\" \/>\n\t<meta name=\"twitter:data1\" content=\"4 minutos\" \/>\n<script type=\"application\/ld+json\" class=\"yoast-schema-graph\">{\"@context\":\"https:\\\/\\\/schema.org\",\"@graph\":[{\"@type\":\"WebPage\",\"@id\":\"https:\\\/\\\/www.carolinaeyeprosthetics.com\\\/privacy-policy\\\/\",\"url\":\"https:\\\/\\\/www.carolinaeyeprosthetics.com\\\/privacy-policy\\\/\",\"name\":\"Privacy Policy - Carolina Eye Prosthetics\",\"isPartOf\":{\"@id\":\"https:\\\/\\\/www.carolinaeyeprosthetics.com\\\/#website\"},\"datePublished\":\"2021-01-19T16:37:44+00:00\",\"dateModified\":\"2024-12-05T13:52:20+00:00\",\"description\":\"This Privacy Policy governs the manner in which Carolina Eye Prosthetics collects, uses, maintains and discloses information collected from users (each, a \u201cUser\u201d) of the\u00a0https:\\\/\\\/carolinaeyeprosthetics.com\\\/\u00a0website (\u201cSite\u201d).\",\"breadcrumb\":{\"@id\":\"https:\\\/\\\/www.carolinaeyeprosthetics.com\\\/privacy-policy\\\/#breadcrumb\"},\"inLanguage\":\"es\",\"potentialAction\":[{\"@type\":\"ReadAction\",\"target\":[\"https:\\\/\\\/www.carolinaeyeprosthetics.com\\\/privacy-policy\\\/\"]}]},{\"@type\":\"BreadcrumbList\",\"@id\":\"https:\\\/\\\/www.carolinaeyeprosthetics.com\\\/privacy-policy\\\/#breadcrumb\",\"itemListElement\":[{\"@type\":\"ListItem\",\"position\":1,\"name\":\"Home\",\"item\":\"https:\\\/\\\/www.carolinaeyeprosthetics.com\\\/\"},{\"@type\":\"ListItem\",\"position\":2,\"name\":\"Privacy Policy\"}]},{\"@type\":\"WebSite\",\"@id\":\"https:\\\/\\\/www.carolinaeyeprosthetics.com\\\/#website\",\"url\":\"https:\\\/\\\/www.carolinaeyeprosthetics.com\\\/\",\"name\":\"Carolina Eye Prosthetics\",\"description\":\"\",\"potentialAction\":[{\"@type\":\"SearchAction\",\"target\":{\"@type\":\"EntryPoint\",\"urlTemplate\":\"https:\\\/\\\/www.carolinaeyeprosthetics.com\\\/?s={search_term_string}\"},\"query-input\":{\"@type\":\"PropertyValueSpecification\",\"valueRequired\":true,\"valueName\":\"search_term_string\"}}],\"inLanguage\":\"es\"}]}<\/script>\n<!-- \/ Yoast SEO plugin. -->","yoast_head_json":{"title":"Pol\u00edtica de privacidad - Carolina Eye Prosthetics","description":"Esta Pol\u00edtica de privacidad rige la manera en que Carolina Eye Prosthetics recopila, usa, mantiene y divulga la informaci\u00f3n recopilada de los usuarios (cada uno, un &quot;Usuario&quot;) del sitio web https:\/\/carolinaeyeprosthetics.com\/ (&quot;Sitio&quot;).","robots":{"index":"index","follow":"follow","max-snippet":"max-snippet:-1","max-image-preview":"max-image-preview:large","max-video-preview":"max-video-preview:-1"},"canonical":"https:\/\/www.carolinaeyeprosthetics.com\/es\/privacy-policy\/","og_locale":"es_MX","og_type":"article","og_title":"Privacy Policy - Carolina Eye Prosthetics","og_description":"This Privacy Policy governs the manner in which Carolina Eye Prosthetics collects, uses, maintains and discloses information collected from users (each, a \u201cUser\u201d) of the\u00a0https:\/\/carolinaeyeprosthetics.com\/\u00a0website (\u201cSite\u201d).","og_url":"https:\/\/www.carolinaeyeprosthetics.com\/es\/privacy-policy\/","og_site_name":"Carolina Eye Prosthetics","article_modified_time":"2024-12-05T13:52:20+00:00","twitter_card":"summary_large_image","twitter_misc":{"Tiempo de lectura":"4 minutos"},"schema":{"@context":"https:\/\/schema.org","@graph":[{"@type":"WebPage","@id":"https:\/\/www.carolinaeyeprosthetics.com\/privacy-policy\/","url":"https:\/\/www.carolinaeyeprosthetics.com\/privacy-policy\/","name":"Pol\u00edtica de privacidad - Carolina Eye Prosthetics","isPartOf":{"@id":"https:\/\/www.carolinaeyeprosthetics.com\/#website"},"datePublished":"2021-01-19T16:37:44+00:00","dateModified":"2024-12-05T13:52:20+00:00","description":"Esta Pol\u00edtica de privacidad rige la manera en que Carolina Eye Prosthetics recopila, usa, mantiene y divulga la informaci\u00f3n recopilada de los usuarios (cada uno, un &quot;Usuario&quot;) del sitio web https:\/\/carolinaeyeprosthetics.com\/ (&quot;Sitio&quot;).","breadcrumb":{"@id":"https:\/\/www.carolinaeyeprosthetics.com\/privacy-policy\/#breadcrumb"},"inLanguage":"es","potentialAction":[{"@type":"ReadAction","target":["https:\/\/www.carolinaeyeprosthetics.com\/privacy-policy\/"]}]},{"@type":"BreadcrumbList","@id":"https:\/\/www.carolinaeyeprosthetics.com\/privacy-policy\/#breadcrumb","itemListElement":[{"@type":"ListItem","position":1,"name":"Home","item":"https:\/\/www.carolinaeyeprosthetics.com\/"},{"@type":"ListItem","position":2,"name":"Privacy Policy"}]},{"@type":"WebSite","@id":"https:\/\/www.carolinaeyeprosthetics.com\/#website","url":"https:\/\/www.carolinaeyeprosthetics.com\/","name":"Pr\u00f3tesis de ojos de Carolina","description":"","potentialAction":[{"@type":"SearchAction","target":{"@type":"EntryPoint","urlTemplate":"https:\/\/www.carolinaeyeprosthetics.com\/?s={search_term_string}"},"query-input":{"@type":"PropertyValueSpecification","valueRequired":true,"valueName":"search_term_string"}}],"inLanguage":"es"}]}},"taxonomy_info":[],"featured_image_src_large":false,"author_info":{"display_name":"tsl","author_link":"https:\/\/www.carolinaeyeprosthetics.com\/es\/author\/tsl\/"},"comment_info":0,"_links":{"self":[{"href":"https:\/\/www.carolinaeyeprosthetics.com\/es\/wp-json\/wp\/v2\/pages\/64872","targetHints":{"allow":["GET"]}}],"collection":[{"href":"https:\/\/www.carolinaeyeprosthetics.com\/es\/wp-json\/wp\/v2\/pages"}],"about":[{"href":"https:\/\/www.carolinaeyeprosthetics.com\/es\/wp-json\/wp\/v2\/types\/page"}],"author":[{"embeddable":true,"href":"https:\/\/www.carolinaeyeprosthetics.com\/es\/wp-json\/wp\/v2\/users\/1"}],"replies":[{"embeddable":true,"href":"https:\/\/www.carolinaeyeprosthetics.com\/es\/wp-json\/wp\/v2\/comments?post=64872"}],"version-history":[{"count":0,"href":"https:\/\/www.carolinaeyeprosthetics.com\/es\/wp-json\/wp\/v2\/pages\/64872\/revisions"}],"wp:attachment":[{"href":"https:\/\/www.carolinaeyeprosthetics.com\/es\/wp-json\/wp\/v2\/media?parent=64872"}],"curies":[{"name":"gracias","href":"https:\/\/api.w.org\/{rel}","templated":true}]}}