{"id":64900,"date":"2021-02-12T11:54:02","date_gmt":"2021-02-12T16:54:02","guid":{"rendered":"https:\/\/www.carolinaeyeprosthetics.com\/?page_id=64900"},"modified":"2023-08-09T13:31:28","modified_gmt":"2023-08-09T17:31:28","slug":"pediatric-services","status":"publish","type":"page","link":"https:\/\/www.carolinaeyeprosthetics.com\/es\/pediatric-services\/","title":{"rendered":"Nombramientos de ocularistas pedi\u00e1tricos en Carolina Eye Prosthetics"},"content":{"rendered":"<p>Su hijo y la atenci\u00f3n que necesitan en una cita con el ocularista pedi\u00e1trico de nuestro equipo significan mucho para todo el personal de <a href=\"https:\/\/www.carolinaeyeprosthetics.com\/es\/\">Pr\u00f3tesis de ojos de Carolina<\/a>. Usted y su beb\u00e9, ni\u00f1o peque\u00f1o o ni\u00f1o son nuestra prioridad, y esperamos que sienta eso desde la primera llamada telef\u00f3nica o cita pedi\u00e1trica en nuestra oficina de Burlington, NC.&nbsp;<\/p>\n\n\n\n<figure class=\"wp-block-pullquote\"><blockquote><p><strong>\u00bfEsto lastimar\u00e1 a mi hijo o le causar\u00e1 m\u00e1s dolor?<\/strong>?<\/p><\/blockquote><\/figure>\n\n\n\n<p>Esa es la pregunta m\u00e1s importante para la mayor\u00eda de los padres con los que hablamos que est\u00e1n explorando opciones de atenci\u00f3n ocularista y <a href=\"https:\/\/www.carolinaeyeprosthetics.com\/es\/custom-artificial-eye\/\">ojos artificiales<\/a>, <a href=\"https:\/\/www.carolinaeyeprosthetics.com\/es\/corneal-scleral-shell\/\">conchas esclerales corneales<\/a>, o conformadores personalizados. La respuesta corta es un alivio y una muy buena noticia: cuando el paciente est\u00e1 listo para las visitas al ocularista, la mayor parte del trauma f\u00edsicamente doloroso ha terminado.<\/p>\n\n\n\n<p>Anna es una de nuestros ocularistas certificados por la junta que se ocupa de la mayor\u00eda de nuestros pacientes pedi\u00e1tricos. Hay tres cosas m\u00e1s que le gustar\u00eda compartir con usted ahora sobre el dolor y el trauma por el que han pasado usted y su hijo.<\/p>\n\n\n\n<figure class=\"wp-block-embed is-type-video is-provider-youtube wp-block-embed-youtube wp-embed-aspect-16-9 wp-has-aspect-ratio\"><div class=\"wp-block-embed__wrapper\">\n<iframe title=\"Citas pedi\u00e1tricas para ocularistas: consejos para los padres | Pr\u00f3tesis de ojos de Carolina\" width=\"500\" height=\"281\" data-src=\"https:\/\/www.youtube.com\/embed\/ABf3kXKKxtE?feature=oembed\" frameborder=\"0\" allow=\"accelerometer; autoplay; clipboard-write; encrypted-media; gyroscope; picture-in-picture; web-share\" referrerpolicy=\"strict-origin-when-cross-origin\" allowfullscreen src=\"data:image\/svg+xml;base64,PHN2ZyB3aWR0aD0iMSIgaGVpZ2h0PSIxIiB4bWxucz0iaHR0cDovL3d3dy53My5vcmcvMjAwMC9zdmciPjwvc3ZnPg==\" class=\"lazyload\" data-load-mode=\"1\"><\/iframe>\n<\/div><\/figure>\n\n\n\n<p>Siga leyendo para conocer algunas formas sencillas de hacer que la cita pedi\u00e1trica de su hijo con nosotros sea lo m\u00e1s f\u00e1cil, positiva y afirmativa posible. Nos gustar\u00eda tener la oportunidad de demostrar que realmente nos preocupamos por usted y su hijo.&nbsp;<\/p>\n\n\n\n<p>Una breve conversaci\u00f3n hace que sea mucho m\u00e1s f\u00e1cil escuchar bien sus preguntas e inquietudes. Entonces, tambi\u00e9n encontrar\u00e1 informaci\u00f3n sobre nuestro equipo. Esperamos poder hablar contigo pronto.<\/p>\n\n\n\n<figure class=\"wp-block-image size-large\"><a href=\"https:\/\/www.carolinaeyeprosthetics.com\/es\/e-book-download\/\" target=\"_blank\" rel=\"noopener\"><img decoding=\"async\" width=\"1024\" height=\"398\" data-src=\"https:\/\/www.carolinaeyeprosthetics.com\/wp-content\/uploads\/2021\/01\/CTA-Full-Graphic-1024x398.png\" alt=\"\" class=\"wp-image-64876 lazyload\" data-srcset=\"https:\/\/www.carolinaeyeprosthetics.com\/wp-content\/uploads\/2021\/01\/CTA-Full-Graphic-1024x398.png 1024w, https:\/\/www.carolinaeyeprosthetics.com\/wp-content\/uploads\/2021\/01\/CTA-Full-Graphic-1024x398-768x299.png 768w\" data-sizes=\"(max-width: 1024px) 100vw, 1024px\" src=\"data:image\/svg+xml;base64,PHN2ZyB3aWR0aD0iMSIgaGVpZ2h0PSIxIiB4bWxucz0iaHR0cDovL3d3dy53My5vcmcvMjAwMC9zdmciPjwvc3ZnPg==\" style=\"--smush-placeholder-width: 1024px; --smush-placeholder-aspect-ratio: 1024\/398;\" \/><\/a><\/figure>\n\n\n\n<h2 class=\"wp-block-heading\">C\u00f3mo ayudar a su hijo a tener la mejor consulta posible con el ocularista pedi\u00e1trico<\/h2>\n\n\n\n<p>Los ni\u00f1os necesitan cosas diferentes a diferentes edades. Durante una llamada de consulta o una visita, podemos hablar sobre esas necesidades \u00fanicas para ni\u00f1os muy peque\u00f1os (reci\u00e9n nacidos hasta 3 a\u00f1os) y ni\u00f1os mayores (4 a\u00f1os o m\u00e1s). Pero ahora, cubramos algunos conceptos b\u00e1sicos que son \u00fatiles para la mayor\u00eda de los ni\u00f1os.<\/p>\n\n\n\n<ul class=\"wp-block-list\">\n<li>Haga lo que pueda para asegurarse de que su hijo tenga suficiente descanso, tiempo de juego, ejercicio y comidas \/ refrigerios antes de su cita.<\/li>\n\n\n\n<li>\u00a1Se un buen oyente! Si su hijo expresa sentimientos o ideas sobre sus ojos o su apariencia, sea amable, positivo y afirmativo con \u00e9l.<\/li>\n\n\n\n<li>D\u00edgales que van a ver a algunos artistas que los ayudar\u00e1n a obtener un ojo nuevo y especial que les ayudar\u00e1 a verse y sentirse bien. \u00a1Es cierto! Pintamos a mano todos los ojos prot\u00e9sicos personalizados que hacemos para los pacientes y, aunque somos proveedores de atenci\u00f3n m\u00e9dica experimentados y atentos, no somos m\u00e9dicos.&nbsp;<\/li>\n\n\n\n<li>M\u00e1s all\u00e1 de eso, generalmente es mejor no contarle demasiado a su hijo sobre el proceso o su pr\u00f3xima visita con nosotros. Demasiada informaci\u00f3n puede resultar abrumadora, aterradora o confusa, especialmente para los ni\u00f1os de entre 4 y 6 a\u00f1os.&nbsp;<\/li>\n\n\n\n<li>El proceso de colocaci\u00f3n y fabricaci\u00f3n de una pr\u00f3tesis implicar\u00e1 unas horas en nuestra oficina y unos generosos descansos para usted y su hijo. Alentamos a las familias a hacer cosas divertidas en esos descansos (hay varias opciones excelentes cerca que nos gustar\u00eda compartir con ustedes). Si vas a compartir m\u00e1s con tu hijo sobre esta cita, piensa en centrarte en esas peque\u00f1as aventuras entre sesiones con nosotros.<\/li>\n<\/ul>\n\n\n\n<div class=\"wp-block-ugb-columns ugb-columns ugb-87a6f31 ugb-columns--design-plain ugb-columns--columns-2 ugb-main-block\"><div class=\"ugb-inner-block\"><div class=\"ugb-block-content\"><div class=\"ugb-columns__item ugb-87a6f31-content-wrapper\">\n<div class=\"wp-block-ugb-column ugb-column ugb-6dba1d6 ugb-column--design-plain ugb-main-block\"><div class=\"ugb-inner-block\"><div class=\"ugb-block-content\"><div class=\"ugb-column__item ugb-6dba1d6-column-wrapper\"><div class=\"ugb-column__content-wrapper\">\n<figure class=\"wp-block-image size-large\"><img decoding=\"async\" width=\"1024\" height=\"1024\" data-src=\"https:\/\/www.carolinaeyeprosthetics.com\/wp-content\/uploads\/2021\/04\/IMG_0633-Pediatrics-1024x1024.jpeg\" alt=\"\" class=\"wp-image-64996 lazyload\" data-srcset=\"https:\/\/www.carolinaeyeprosthetics.com\/wp-content\/uploads\/2021\/04\/IMG_0633-Pediatrics-1024x1024.jpeg 1024w, https:\/\/www.carolinaeyeprosthetics.com\/wp-content\/uploads\/2021\/04\/IMG_0633-Pediatrics-300x300.jpeg 300w, https:\/\/www.carolinaeyeprosthetics.com\/wp-content\/uploads\/2021\/04\/IMG_0633-Pediatrics-150x150.jpeg 150w, https:\/\/www.carolinaeyeprosthetics.com\/wp-content\/uploads\/2021\/04\/IMG_0633-Pediatrics-768x768.jpeg 768w, https:\/\/www.carolinaeyeprosthetics.com\/wp-content\/uploads\/2021\/04\/IMG_0633-Pediatrics-1536x1536.jpeg 1536w, https:\/\/www.carolinaeyeprosthetics.com\/wp-content\/uploads\/2021\/04\/IMG_0633-Pediatrics-2048x2048.jpeg 2048w, https:\/\/www.carolinaeyeprosthetics.com\/wp-content\/uploads\/2021\/04\/IMG_0633-Pediatrics-12x12.jpeg 12w\" data-sizes=\"(max-width: 1024px) 100vw, 1024px\" src=\"data:image\/svg+xml;base64,PHN2ZyB3aWR0aD0iMSIgaGVpZ2h0PSIxIiB4bWxucz0iaHR0cDovL3d3dy53My5vcmcvMjAwMC9zdmciPjwvc3ZnPg==\" style=\"--smush-placeholder-width: 1024px; --smush-placeholder-aspect-ratio: 1024\/1024;\" \/><figcaption class=\"wp-element-caption\"><strong>Antes<\/strong><\/figcaption><\/figure>\n<\/div><\/div><\/div><\/div><\/div>\n\n\n\n<div class=\"wp-block-ugb-column ugb-column ugb-fafcce3 ugb-column--design-plain ugb-main-block\"><div class=\"ugb-inner-block\"><div class=\"ugb-block-content\"><div class=\"ugb-column__item ugb-fafcce3-column-wrapper\"><div class=\"ugb-column__content-wrapper\">\n<figure class=\"wp-block-image size-large\"><img decoding=\"async\" width=\"1024\" height=\"1024\" data-src=\"https:\/\/www.carolinaeyeprosthetics.com\/wp-content\/uploads\/2021\/04\/IMG_0636-Pediatrics-1024x1024.jpeg\" alt=\"\" class=\"wp-image-64997 lazyload\" data-srcset=\"https:\/\/www.carolinaeyeprosthetics.com\/wp-content\/uploads\/2021\/04\/IMG_0636-Pediatrics-1024x1024.jpeg 1024w, https:\/\/www.carolinaeyeprosthetics.com\/wp-content\/uploads\/2021\/04\/IMG_0636-Pediatrics-300x300.jpeg 300w, https:\/\/www.carolinaeyeprosthetics.com\/wp-content\/uploads\/2021\/04\/IMG_0636-Pediatrics-150x150.jpeg 150w, https:\/\/www.carolinaeyeprosthetics.com\/wp-content\/uploads\/2021\/04\/IMG_0636-Pediatrics-768x768.jpeg 768w, https:\/\/www.carolinaeyeprosthetics.com\/wp-content\/uploads\/2021\/04\/IMG_0636-Pediatrics-1536x1536.jpeg 1536w, https:\/\/www.carolinaeyeprosthetics.com\/wp-content\/uploads\/2021\/04\/IMG_0636-Pediatrics-2048x2048.jpeg 2048w, https:\/\/www.carolinaeyeprosthetics.com\/wp-content\/uploads\/2021\/04\/IMG_0636-Pediatrics-12x12.jpeg 12w\" data-sizes=\"(max-width: 1024px) 100vw, 1024px\" src=\"data:image\/svg+xml;base64,PHN2ZyB3aWR0aD0iMSIgaGVpZ2h0PSIxIiB4bWxucz0iaHR0cDovL3d3dy53My5vcmcvMjAwMC9zdmciPjwvc3ZnPg==\" style=\"--smush-placeholder-width: 1024px; --smush-placeholder-aspect-ratio: 1024\/1024;\" \/><figcaption class=\"wp-element-caption\"><strong>Despu\u00e9s<\/strong><\/figcaption><\/figure>\n<\/div><\/div><\/div><\/div><\/div>\n<\/div><\/div><\/div><\/div>\n\n\n\n<h2 class=\"wp-block-heading\">El papel ideal para los padres en la cita con el ocularista pedi\u00e1trico de un ni\u00f1o<\/h2>\n\n\n\n<p>Este es un momento estresante y emocionalmente dif\u00edcil para usted y su familia. Con d\u00e9cadas de experiencia, encontramos que muchos padres son ...<\/p>\n\n\n\n<p>&nbsp;... luchando por compartimentar su propia ansiedad&nbsp;&nbsp;<\/p>\n\n\n\n<p>... abrumado con las respuestas de trauma perfectamente normales que deber\u00edan estar experimentando en este momento<\/p>\n\n\n\n<p>... esforzarse demasiado, con las mejores intenciones, para controlar o manejar los sentimientos y la experiencia de su hijo, o c\u00f3mo nuestro equipo navega por este procedimiento.&nbsp;&nbsp;<\/p>\n\n\n\n<p>Queremos capacitarlo para que sepa exactamente c\u00f3mo puede ayudar mejor a su hijo. En algunos casos, eso no se parece a lo que un padre podr\u00eda esperar inicialmente.&nbsp;<\/p>\n\n\n\n<p>Es posible que tenga algunos sentimientos fuertes o un rechazo a nivel instintivo de esta idea, pero a veces, \u00a1lo mejor que puede hacer un padre es dejar que un abuelo u otro miembro de la familia de confianza traiga a su hijo para esta visita! No hay absolutamente ninguna verg\u00fcenza en este enfoque.&nbsp;<\/p>\n\n\n\n<p>Estas son pautas \u00fatiles para quienes acudan a la cita con su hijo:<\/p>\n\n\n\n<ul class=\"wp-block-list\">\n<li>Si\u00e9ntase c\u00f3modo con el hecho de que si a su hijo ya le han quitado el ojo, tambi\u00e9n le han quitado la parte sensible de la cuenca del ojo. Si necesitan un ajuste sobre un ojo microft\u00e1lmico, tambi\u00e9n ser\u00e1 mucho, mucho menos sensible que un ojo normal. Su hijo estar\u00e1 nervioso o incluso puede sentirse asustado, pero no sentir\u00e1 dolor.<\/li>\n\n\n\n<li>\u00a1Dedique algo de tiempo a practicar el cuidado personal y deje que cualquier persona cercana a usted se preocupe m\u00e1s por usted ahora mismo!<\/li>\n\n\n\n<li>Est\u00e9 preparado para apoyarse en nuestro personal durante esta sesi\u00f3n. Siga nuestro ejemplo. Nunca antes ha pasado por esta experiencia, pero la hemos vivido con cientos de padres. \u00a1Conocemos las mejores t\u00e1cticas para hacer que los ni\u00f1os se sientan c\u00f3modos y hacer que las partes aterradoras sean lo m\u00e1s f\u00e1ciles, r\u00e1pidas y olvidables posible! Cosas como peque\u00f1as recompensas otorgadas por el ocularista pueden ser especialmente \u00fatiles para que los ni\u00f1os pasen por estas citas con sentimientos positivos de empoderamiento.&nbsp;<\/li>\n\n\n\n<li>Antes y despu\u00e9s de su cita, si necesita procesar los sentimientos dif\u00edciles y cualquier preocupaci\u00f3n que tenga, h\u00e1galo con adultos de confianza, no con su hijo. Podemos escuchar y tambi\u00e9n podemos ayudar a hacer recomendaciones sobre d\u00f3nde obtener un apoyo comunitario s\u00f3lido y confiable o asesoramiento profesional de personas que entienden por lo que est\u00e1 pasando.<\/li>\n\n\n\n<li>Programemos una cita breve y gratuita sin la presencia de su hijo. Podemos usar eso solo para escuchar c\u00f3mo le est\u00e1 yendo, responder a sus necesidades en todo esto y aclarar los mejores preparativos para usted y su hijo antes de su cita.<\/li>\n<\/ul>\n\n\n\n<figure class=\"wp-block-embed is-type-video is-provider-youtube wp-block-embed-youtube wp-embed-aspect-16-9 wp-has-aspect-ratio\"><div class=\"wp-block-embed__wrapper\">\n<iframe title=\"Historias de pacientes | Una visita con Eloise | Burlington Carolina del Norte\" width=\"500\" height=\"281\" data-src=\"https:\/\/www.youtube.com\/embed\/dK_h0e4Gegk?feature=oembed\" frameborder=\"0\" allow=\"accelerometer; autoplay; clipboard-write; encrypted-media; gyroscope; picture-in-picture; web-share\" referrerpolicy=\"strict-origin-when-cross-origin\" allowfullscreen src=\"data:image\/svg+xml;base64,PHN2ZyB3aWR0aD0iMSIgaGVpZ2h0PSIxIiB4bWxucz0iaHR0cDovL3d3dy53My5vcmcvMjAwMC9zdmciPjwvc3ZnPg==\" class=\"lazyload\" data-load-mode=\"1\"><\/iframe>\n<\/div><\/figure>\n\n\n\n<h2 class=\"wp-block-heading\">Programe una cita con nosotros hoy<\/h2>\n\n\n\n<p>Estamos ansiosos por conocerlos a usted y a su hijo. Las citas pedi\u00e1tricas son uno de los trabajos m\u00e1s desafiantes y gratificantes que hacemos en Carolina Eye Prosthetics. Si tiene una pregunta o est\u00e1 listo para programar una visita para su hijo, haga clic en el bot\u00f3n Cont\u00e1ctenos a continuaci\u00f3n. Brittney se comunicar\u00e1 con una llamada telef\u00f3nica r\u00e1pida para encontrar el mejor momento para que usted tenga una consulta de 20 a 30 minutos sin costo y sin compromiso con nuestro equipo.&nbsp;<\/p>\n\n\n\n<p>Tambi\u00e9n podemos reunirnos en persona y nos encantar\u00eda darle la bienvenida a nuestra oficina. \u00a1Tambi\u00e9n tiene la opci\u00f3n de programar una cita por video en l\u00ednea ahora mismo! Nos complace escuchar lo que tiene en mente, responder sus preguntas y brindarle toda la informaci\u00f3n que necesita, as\u00ed que h\u00e1ganos saber c\u00f3mo podemos ayudarlo.<\/p>","protected":false},"excerpt":{"rendered":"<p>Your child and the care they need in a pediatric ocularist appointment from our team mean so much to the entire staff at Carolina Eye Prosthetics. You and your infant, [&hellip;]<\/p>\n","protected":false},"author":1,"featured_media":0,"parent":0,"menu_order":0,"comment_status":"closed","ping_status":"closed","template":"","meta":{"_relevanssi_hide_post":"","_relevanssi_hide_content":"","_relevanssi_pin_for_all":"","_relevanssi_pin_keywords":"","_relevanssi_unpin_keywords":"","_relevanssi_related_keywords":"","_relevanssi_related_include_ids":"","_relevanssi_related_exclude_ids":"","_relevanssi_related_no_append":"","_relevanssi_related_not_related":"","_relevanssi_related_posts":"72,207,213,677,942,1121","_relevanssi_noindex_reason":"","_kad_blocks_custom_css":"","_kad_blocks_head_custom_js":"","_kad_blocks_body_custom_js":"","_kad_blocks_footer_custom_js":"","footnotes":""},"class_list":["post-64900","page","type-page","status-publish","hentry"],"featured_image_urls_v2":{"full":"","thumbnail":"","medium":"","medium_large":"","large":"","1536x1536":"","2048x2048":"","trp-custom-language-flag":"","post-thumbnail":"","banner":"","banner-home":"","landscape-thumb":"","landscape-medium":"","landscape-large":"","gform-image-choice-sm":"","gform-image-choice-md":"","gform-image-choice-lg":""},"post_excerpt_stackable_v2":"<p>Your child and the care they need in a pediatric ocularist appointment from our team mean so much to the entire staff at Carolina Eye Prosthetics. You and your infant, toddler, or child are our priority, and we hope you will feel that from the first phone call or pediatric appointment in our Burlington, NC office.&nbsp; Will this hurt my child or cause them more pain? That is the most important question for most of the parents we talk to who are exploring ocularist care options and artificial eyes, corneal scleral shells, or custom conformers. The short answer is a&hellip;<\/p>\n","category_list_v2":"","author_info_v2":{"name":"tsl","url":"https:\/\/www.carolinaeyeprosthetics.com\/es\/author\/tsl\/"},"comments_num_v2":"0 comments","yoast_head":"<!-- This site is optimized with the Yoast SEO plugin v27.4 - https:\/\/yoast.com\/product\/yoast-seo-wordpress\/ -->\n<title>Pediatric Ocularist Appointments: Tips for Parents | Carolina Eye Prosthetics<\/title>\n<meta name=\"description\" content=\"If your child has suffered an eye loss or needs care for a microphthalmic eye, we can help. Read about our approach and how to be ready for that visit.\" \/>\n<meta name=\"robots\" content=\"index, follow, max-snippet:-1, max-image-preview:large, max-video-preview:-1\" \/>\n<link rel=\"canonical\" href=\"https:\/\/www.carolinaeyeprosthetics.com\/es\/pediatric-services\/\" \/>\n<meta property=\"og:locale\" content=\"es_MX\" \/>\n<meta property=\"og:type\" content=\"article\" \/>\n<meta property=\"og:title\" content=\"Pediatric Ocularist Appointments: Tips for Parents | Carolina Eye Prosthetics\" \/>\n<meta property=\"og:description\" content=\"If your child has suffered an eye loss or needs care for a microphthalmic eye, we can help. Read about our approach and how to be ready for that visit.\" \/>\n<meta property=\"og:url\" content=\"https:\/\/www.carolinaeyeprosthetics.com\/es\/pediatric-services\/\" \/>\n<meta property=\"og:site_name\" content=\"Carolina Eye Prosthetics\" \/>\n<meta property=\"article:modified_time\" content=\"2023-08-09T17:31:28+00:00\" \/>\n<meta property=\"og:image\" content=\"https:\/\/www.carolinaeyeprosthetics.com\/wp-content\/uploads\/2021\/01\/CTA-Full-Graphic-1024x398.png\" \/>\n<meta name=\"twitter:card\" content=\"summary_large_image\" \/>\n<meta name=\"twitter:label1\" content=\"Tiempo de lectura\" \/>\n\t<meta name=\"twitter:data1\" content=\"6 minutos\" \/>\n<script type=\"application\/ld+json\" class=\"yoast-schema-graph\">{\"@context\":\"https:\\\/\\\/schema.org\",\"@graph\":[{\"@type\":\"WebPage\",\"@id\":\"https:\\\/\\\/www.carolinaeyeprosthetics.com\\\/pediatric-services\\\/\",\"url\":\"https:\\\/\\\/www.carolinaeyeprosthetics.com\\\/pediatric-services\\\/\",\"name\":\"Pediatric Ocularist Appointments: Tips for Parents | Carolina Eye Prosthetics\",\"isPartOf\":{\"@id\":\"https:\\\/\\\/www.carolinaeyeprosthetics.com\\\/#website\"},\"primaryImageOfPage\":{\"@id\":\"https:\\\/\\\/www.carolinaeyeprosthetics.com\\\/pediatric-services\\\/#primaryimage\"},\"image\":{\"@id\":\"https:\\\/\\\/www.carolinaeyeprosthetics.com\\\/pediatric-services\\\/#primaryimage\"},\"thumbnailUrl\":\"https:\\\/\\\/www.carolinaeyeprosthetics.com\\\/wp-content\\\/uploads\\\/2021\\\/01\\\/CTA-Full-Graphic-1024x398.png\",\"datePublished\":\"2021-02-12T16:54:02+00:00\",\"dateModified\":\"2023-08-09T17:31:28+00:00\",\"description\":\"If your child has suffered an eye loss or needs care for a microphthalmic eye, we can help. Read about our approach and how to be ready for that visit.\",\"breadcrumb\":{\"@id\":\"https:\\\/\\\/www.carolinaeyeprosthetics.com\\\/pediatric-services\\\/#breadcrumb\"},\"inLanguage\":\"es\",\"potentialAction\":[{\"@type\":\"ReadAction\",\"target\":[\"https:\\\/\\\/www.carolinaeyeprosthetics.com\\\/pediatric-services\\\/\"]}]},{\"@type\":\"ImageObject\",\"inLanguage\":\"es\",\"@id\":\"https:\\\/\\\/www.carolinaeyeprosthetics.com\\\/pediatric-services\\\/#primaryimage\",\"url\":\"https:\\\/\\\/www.carolinaeyeprosthetics.com\\\/wp-content\\\/uploads\\\/2021\\\/01\\\/CTA-Full-Graphic-1024x398.png\",\"contentUrl\":\"https:\\\/\\\/www.carolinaeyeprosthetics.com\\\/wp-content\\\/uploads\\\/2021\\\/01\\\/CTA-Full-Graphic-1024x398.png\"},{\"@type\":\"BreadcrumbList\",\"@id\":\"https:\\\/\\\/www.carolinaeyeprosthetics.com\\\/pediatric-services\\\/#breadcrumb\",\"itemListElement\":[{\"@type\":\"ListItem\",\"position\":1,\"name\":\"Home\",\"item\":\"https:\\\/\\\/www.carolinaeyeprosthetics.com\\\/\"},{\"@type\":\"ListItem\",\"position\":2,\"name\":\"Pediatric Ocularist Appointments at Carolina Eye Prosthetics\"}]},{\"@type\":\"WebSite\",\"@id\":\"https:\\\/\\\/www.carolinaeyeprosthetics.com\\\/#website\",\"url\":\"https:\\\/\\\/www.carolinaeyeprosthetics.com\\\/\",\"name\":\"Carolina Eye Prosthetics\",\"description\":\"\",\"potentialAction\":[{\"@type\":\"SearchAction\",\"target\":{\"@type\":\"EntryPoint\",\"urlTemplate\":\"https:\\\/\\\/www.carolinaeyeprosthetics.com\\\/?s={search_term_string}\"},\"query-input\":{\"@type\":\"PropertyValueSpecification\",\"valueRequired\":true,\"valueName\":\"search_term_string\"}}],\"inLanguage\":\"es\"}]}<\/script>\n<!-- \/ Yoast SEO plugin. -->","yoast_head_json":{"title":"Citas pedi\u00e1tricas para ocularistas: consejos para los padres | Pr\u00f3tesis de ojos de Carolina","description":"Si su hijo ha sufrido una p\u00e9rdida ocular o necesita cuidados para un ojo microft\u00e1lmico, podemos ayudarlo. Lea sobre nuestro enfoque y c\u00f3mo estar preparado para esa visita.","robots":{"index":"index","follow":"follow","max-snippet":"max-snippet:-1","max-image-preview":"max-image-preview:large","max-video-preview":"max-video-preview:-1"},"canonical":"https:\/\/www.carolinaeyeprosthetics.com\/es\/pediatric-services\/","og_locale":"es_MX","og_type":"article","og_title":"Pediatric Ocularist Appointments: Tips for Parents | Carolina Eye Prosthetics","og_description":"If your child has suffered an eye loss or needs care for a microphthalmic eye, we can help. Read about our approach and how to be ready for that visit.","og_url":"https:\/\/www.carolinaeyeprosthetics.com\/es\/pediatric-services\/","og_site_name":"Carolina Eye Prosthetics","article_modified_time":"2023-08-09T17:31:28+00:00","og_image":[{"url":"https:\/\/www.carolinaeyeprosthetics.com\/wp-content\/uploads\/2021\/01\/CTA-Full-Graphic-1024x398.png","type":"","width":"","height":""}],"twitter_card":"summary_large_image","twitter_misc":{"Tiempo de lectura":"6 minutos"},"schema":{"@context":"https:\/\/schema.org","@graph":[{"@type":"WebPage","@id":"https:\/\/www.carolinaeyeprosthetics.com\/pediatric-services\/","url":"https:\/\/www.carolinaeyeprosthetics.com\/pediatric-services\/","name":"Citas pedi\u00e1tricas para ocularistas: consejos para los padres | Pr\u00f3tesis de ojos de Carolina","isPartOf":{"@id":"https:\/\/www.carolinaeyeprosthetics.com\/#website"},"primaryImageOfPage":{"@id":"https:\/\/www.carolinaeyeprosthetics.com\/pediatric-services\/#primaryimage"},"image":{"@id":"https:\/\/www.carolinaeyeprosthetics.com\/pediatric-services\/#primaryimage"},"thumbnailUrl":"https:\/\/www.carolinaeyeprosthetics.com\/wp-content\/uploads\/2021\/01\/CTA-Full-Graphic-1024x398.png","datePublished":"2021-02-12T16:54:02+00:00","dateModified":"2023-08-09T17:31:28+00:00","description":"Si su hijo ha sufrido una p\u00e9rdida ocular o necesita cuidados para un ojo microft\u00e1lmico, podemos ayudarlo. Lea sobre nuestro enfoque y c\u00f3mo estar preparado para esa visita.","breadcrumb":{"@id":"https:\/\/www.carolinaeyeprosthetics.com\/pediatric-services\/#breadcrumb"},"inLanguage":"es","potentialAction":[{"@type":"ReadAction","target":["https:\/\/www.carolinaeyeprosthetics.com\/pediatric-services\/"]}]},{"@type":"ImageObject","inLanguage":"es","@id":"https:\/\/www.carolinaeyeprosthetics.com\/pediatric-services\/#primaryimage","url":"https:\/\/www.carolinaeyeprosthetics.com\/wp-content\/uploads\/2021\/01\/CTA-Full-Graphic-1024x398.png","contentUrl":"https:\/\/www.carolinaeyeprosthetics.com\/wp-content\/uploads\/2021\/01\/CTA-Full-Graphic-1024x398.png"},{"@type":"BreadcrumbList","@id":"https:\/\/www.carolinaeyeprosthetics.com\/pediatric-services\/#breadcrumb","itemListElement":[{"@type":"ListItem","position":1,"name":"Home","item":"https:\/\/www.carolinaeyeprosthetics.com\/"},{"@type":"ListItem","position":2,"name":"Pediatric Ocularist Appointments at Carolina Eye Prosthetics"}]},{"@type":"WebSite","@id":"https:\/\/www.carolinaeyeprosthetics.com\/#website","url":"https:\/\/www.carolinaeyeprosthetics.com\/","name":"Pr\u00f3tesis de ojos de Carolina","description":"","potentialAction":[{"@type":"SearchAction","target":{"@type":"EntryPoint","urlTemplate":"https:\/\/www.carolinaeyeprosthetics.com\/?s={search_term_string}"},"query-input":{"@type":"PropertyValueSpecification","valueRequired":true,"valueName":"search_term_string"}}],"inLanguage":"es"}]}},"taxonomy_info":[],"featured_image_src_large":false,"author_info":{"display_name":"tsl","author_link":"https:\/\/www.carolinaeyeprosthetics.com\/es\/author\/tsl\/"},"comment_info":0,"_links":{"self":[{"href":"https:\/\/www.carolinaeyeprosthetics.com\/es\/wp-json\/wp\/v2\/pages\/64900","targetHints":{"allow":["GET"]}}],"collection":[{"href":"https:\/\/www.carolinaeyeprosthetics.com\/es\/wp-json\/wp\/v2\/pages"}],"about":[{"href":"https:\/\/www.carolinaeyeprosthetics.com\/es\/wp-json\/wp\/v2\/types\/page"}],"author":[{"embeddable":true,"href":"https:\/\/www.carolinaeyeprosthetics.com\/es\/wp-json\/wp\/v2\/users\/1"}],"replies":[{"embeddable":true,"href":"https:\/\/www.carolinaeyeprosthetics.com\/es\/wp-json\/wp\/v2\/comments?post=64900"}],"version-history":[{"count":0,"href":"https:\/\/www.carolinaeyeprosthetics.com\/es\/wp-json\/wp\/v2\/pages\/64900\/revisions"}],"wp:attachment":[{"href":"https:\/\/www.carolinaeyeprosthetics.com\/es\/wp-json\/wp\/v2\/media?parent=64900"}],"curies":[{"name":"gracias","href":"https:\/\/api.w.org\/{rel}","templated":true}]}}